{"id":121,"date":"2015-07-29T16:38:00","date_gmt":"2015-07-29T15:38:00","guid":{"rendered":"http:\/\/www.tepop.fr\/?page_id=121"},"modified":"2024-07-25T11:06:49","modified_gmt":"2024-07-25T10:06:49","slug":"lassociation","status":"publish","type":"page","link":"https:\/\/www.tepop.fr\/?page_id=121","title":{"rendered":"L&rsquo;association"},"content":{"rendered":"\n<hr class=\"wp-block-separator has-text-color has-black-color has-css-opacity has-black-background-color has-background alignfull is-style-wide\"\/>\n\n\n\n<p class=\"has-black-color has-text-color\" style=\"font-size:19px\">TEPOP r\u00e9alise des <strong>projets d\u2019architecture<\/strong> de proximit\u00e9 avec <strong>les jeunes dans les quartiers populaires<\/strong> (particuli\u00e8rement dans ceux du Grand Paris en Seine Saint-Denis). Par une approche sociale et participative, <strong>l\u2019association donne une voix \u00e0 un public trop peu souvent entendu sur la sc\u00e8ne des transformations territoriales<\/strong> et l\u2019am\u00e8ne \u00e0 se questionner sur les mutations de leur quartier.<br><br>\u00c0 travers l\u2019id\u00e9e de l\u2019am\u00e9lioration du cadre de vie, <strong>l\u2019association s\u2019attache \u00e0<\/strong> <strong>proposer et enseigner des solutions architecturales \u00e9cologiques, \u00e9conomiques<\/strong> et li\u00e9es au r\u00e9emploi pour promouvoir la ville durable. <\/p>\n\n\n\n<p class=\"has-black-color has-text-color\" style=\"font-size:19px\">Par la suite, nous nous engageons, avec d&rsquo;autres associations aux comp\u00e9tences compl\u00e9mentaires, \u00e0 <strong>construire les am\u00e9nagement co-con\u00e7us<\/strong>. <\/p>\n\n\n\n<div style=\"height:32px\" aria-hidden=\"true\" class=\"wp-block-spacer\"><\/div>\n\n\n\n<h2 class=\"wp-block-heading is-style-default\"><strong>La philosophie <\/strong><\/h2>\n\n\n\n<div style=\"height:32px\" aria-hidden=\"true\" class=\"wp-block-spacer\"><\/div>\n\n\n\n<div class=\"wp-block-columns is-layout-flex wp-container-core-columns-is-layout-9d6595d7 wp-block-columns-is-layout-flex\">\n<div class=\"wp-block-column is-layout-flow wp-block-column-is-layout-flow\">\n<figure class=\"wp-block-image size-large\"><a href=\"https:\/\/www.tepop.fr\/wp-content\/uploads\/2021\/08\/BMCA_GP_-TERRITOIRES-A-LECART-edited.jpg\"><img loading=\"lazy\" decoding=\"async\" width=\"1024\" height=\"1024\" src=\"https:\/\/www.tepop.fr\/wp-content\/uploads\/2021\/08\/BMCA_GP_-TERRITOIRES-A-LECART-edited-1024x1024.jpg\" alt=\"\" class=\"wp-image-1534\" srcset=\"https:\/\/www.tepop.fr\/wp-content\/uploads\/2021\/08\/BMCA_GP_-TERRITOIRES-A-LECART-edited-1024x1024.jpg 1024w, https:\/\/www.tepop.fr\/wp-content\/uploads\/2021\/08\/BMCA_GP_-TERRITOIRES-A-LECART-edited-300x300.jpg 300w, https:\/\/www.tepop.fr\/wp-content\/uploads\/2021\/08\/BMCA_GP_-TERRITOIRES-A-LECART-edited-150x150.jpg 150w, https:\/\/www.tepop.fr\/wp-content\/uploads\/2021\/08\/BMCA_GP_-TERRITOIRES-A-LECART-edited-768x767.jpg 768w, https:\/\/www.tepop.fr\/wp-content\/uploads\/2021\/08\/BMCA_GP_-TERRITOIRES-A-LECART-edited.jpg 1406w\" sizes=\"auto, (max-width: 1024px) 100vw, 1024px\" \/><\/a><\/figure>\n\n\n\n<p class=\"has-medium-font-size\"><a href=\"https:\/\/www.tepop.fr\/?p=63\"><strong>Les jeunes du Grand Paris<\/strong><\/a><\/p>\n\n\n\n<p>Pour qui construit-on la m\u00e9tropole du Grand Paris si ce n\u2019est pour les futures g\u00e9n\u00e9rations, pour les jeunes d\u2019aujourd\u2019hui, et, notamment [\u2026]<\/p>\n\n\n\n<div style=\"height:29px\" aria-hidden=\"true\" class=\"wp-block-spacer\"><\/div>\n\n\n\n<figure class=\"wp-block-image size-large\"><a href=\"https:\/\/www.tepop.fr\/wp-content\/uploads\/2016\/04\/JeunesPrennentParole.jpg\"><img loading=\"lazy\" decoding=\"async\" width=\"1024\" height=\"1024\" src=\"https:\/\/www.tepop.fr\/wp-content\/uploads\/2016\/04\/JeunesPrennentParole-1024x1024.jpg\" alt=\"\" class=\"wp-image-285\" srcset=\"https:\/\/www.tepop.fr\/wp-content\/uploads\/2016\/04\/JeunesPrennentParole-1024x1024.jpg 1024w, https:\/\/www.tepop.fr\/wp-content\/uploads\/2016\/04\/JeunesPrennentParole-150x150.jpg 150w, https:\/\/www.tepop.fr\/wp-content\/uploads\/2016\/04\/JeunesPrennentParole-300x300.jpg 300w, https:\/\/www.tepop.fr\/wp-content\/uploads\/2016\/04\/JeunesPrennentParole-260x260.jpg 260w, https:\/\/www.tepop.fr\/wp-content\/uploads\/2016\/04\/JeunesPrennentParole-530x530.jpg 530w, https:\/\/www.tepop.fr\/wp-content\/uploads\/2016\/04\/JeunesPrennentParole-1100x1100.jpg 1100w, https:\/\/www.tepop.fr\/wp-content\/uploads\/2016\/04\/JeunesPrennentParole-740x740.jpg 740w, https:\/\/www.tepop.fr\/wp-content\/uploads\/2016\/04\/JeunesPrennentParole.jpg 1772w\" sizes=\"auto, (max-width: 1024px) 100vw, 1024px\" \/><\/a><\/figure>\n\n\n\n<p class=\"has-medium-font-size\"><a href=\"https:\/\/www.tepop.fr\/?p=63https:\/\/www.tepop.fr\/?p=268\"><strong>Les jeunes prennent la parole !<\/strong><\/a><\/p>\n\n\n\n<p>Les jeunes, citoyens et acteurs&nbsp;d\u2019aujourd\u2019hui et de demain de la&nbsp;future m\u00e9tropole, constituent une&nbsp;population particuli\u00e8rement sensible \u00e0&nbsp;ces politiques [\u2026]<\/p>\n\n\n\n<div style=\"height:29px\" aria-hidden=\"true\" class=\"wp-block-spacer\"><\/div>\n\n\n\n<p class=\"has-medium-font-size\"><a href=\"https:\/\/www.tepop.fr\/?p=249\"><strong><strong><\/strong><\/strong><\/a><strong><strong><a href=\"https:\/\/www.tepop.fr\/?p=249\">TEPOP : l\u2019\u00e9cosophie plut\u00f4t que l\u2019\u00e9cologie<\/a><\/strong><\/strong><\/p>\n\n\n\n<p>Jeunesse et d\u00e9veloppement durable&nbsp;sont \u00e9troitement li\u00e9s. La question&nbsp;du d\u00e9veloppement durable, qui s\u2019est&nbsp;progressivement impos\u00e9e dans l\u2019agenda&nbsp;politique [\u2026]<\/p>\n<\/div>\n\n\n\n<div class=\"wp-block-column is-layout-flow wp-block-column-is-layout-flow\">\n<figure class=\"wp-block-image size-large\"><a href=\"https:\/\/www.tepop.fr\/wp-content\/uploads\/2015\/07\/CARTE-SMALL-ACTIONS.jpg\"><img loading=\"lazy\" decoding=\"async\" width=\"1024\" height=\"1024\" src=\"https:\/\/www.tepop.fr\/wp-content\/uploads\/2015\/07\/CARTE-SMALL-ACTIONS-1024x1024.jpg\" alt=\"\" class=\"wp-image-57\" srcset=\"https:\/\/www.tepop.fr\/wp-content\/uploads\/2015\/07\/CARTE-SMALL-ACTIONS-1024x1024.jpg 1024w, https:\/\/www.tepop.fr\/wp-content\/uploads\/2015\/07\/CARTE-SMALL-ACTIONS-150x150.jpg 150w, https:\/\/www.tepop.fr\/wp-content\/uploads\/2015\/07\/CARTE-SMALL-ACTIONS-300x300.jpg 300w, https:\/\/www.tepop.fr\/wp-content\/uploads\/2015\/07\/CARTE-SMALL-ACTIONS-260x260.jpg 260w, https:\/\/www.tepop.fr\/wp-content\/uploads\/2015\/07\/CARTE-SMALL-ACTIONS-530x530.jpg 530w, https:\/\/www.tepop.fr\/wp-content\/uploads\/2015\/07\/CARTE-SMALL-ACTIONS-1100x1100.jpg 1100w, https:\/\/www.tepop.fr\/wp-content\/uploads\/2015\/07\/CARTE-SMALL-ACTIONS-740x740.jpg 740w\" sizes=\"auto, (max-width: 1024px) 100vw, 1024px\" \/><\/a><\/figure>\n\n\n\n<p class=\"has-medium-font-size\"><a href=\"https:\/\/www.tepop.fr\/?p=55\"><strong>M\u00e9tropole des small acts<\/strong><\/a><\/p>\n\n\n\n<p>Toute cette \u00e9nergie populaire locale constitue une mati\u00e8re de projet innovante, cr\u00e9ative.<br>Ces micro lieux doivent \u00eatre de v\u00e9ritables d\u00e9tectives culturels, environnementaux  [\u2026] <\/p>\n\n\n\n<div style=\"height:29px\" aria-hidden=\"true\" class=\"wp-block-spacer\"><\/div>\n\n\n\n<figure class=\"wp-block-image size-large\"><a href=\"https:\/\/www.tepop.fr\/wp-content\/uploads\/2015\/07\/ENERGIE-POPULAIRE-2.jpg\"><img loading=\"lazy\" decoding=\"async\" width=\"1024\" height=\"1024\" src=\"https:\/\/www.tepop.fr\/wp-content\/uploads\/2015\/07\/ENERGIE-POPULAIRE-2-1024x1024.jpg\" alt=\"\" class=\"wp-image-93\" srcset=\"https:\/\/www.tepop.fr\/wp-content\/uploads\/2015\/07\/ENERGIE-POPULAIRE-2-1024x1024.jpg 1024w, https:\/\/www.tepop.fr\/wp-content\/uploads\/2015\/07\/ENERGIE-POPULAIRE-2-150x150.jpg 150w, https:\/\/www.tepop.fr\/wp-content\/uploads\/2015\/07\/ENERGIE-POPULAIRE-2-300x300.jpg 300w, https:\/\/www.tepop.fr\/wp-content\/uploads\/2015\/07\/ENERGIE-POPULAIRE-2-260x260.jpg 260w, https:\/\/www.tepop.fr\/wp-content\/uploads\/2015\/07\/ENERGIE-POPULAIRE-2-530x530.jpg 530w, https:\/\/www.tepop.fr\/wp-content\/uploads\/2015\/07\/ENERGIE-POPULAIRE-2-1100x1100.jpg 1100w, https:\/\/www.tepop.fr\/wp-content\/uploads\/2015\/07\/ENERGIE-POPULAIRE-2-740x740.jpg 740w\" sizes=\"auto, (max-width: 1024px) 100vw, 1024px\" \/><\/a><\/figure>\n\n\n\n<p class=\"has-medium-font-size\"><a href=\"https:\/\/www.tepop.fr\/?p=78\"><strong>Des ateliers in situ<\/strong><\/a><\/p>\n\n\n\n<p>Pour inventer la m\u00e9tropole de Pour inventer la m\u00e9tropole de demain avec les jeunes d\u2019aujourd\u2019hui, nous sommes all\u00e9s sur le terrain avec l\u2019aide des associations de quartier, pour rencontrer les jeunes  [\u2026] <\/p>\n<\/div>\n\n\n\n<div class=\"wp-block-column is-layout-flow wp-block-column-is-layout-flow\">\n<figure class=\"wp-block-image size-large\"><a href=\"https:\/\/www.tepop.fr\/wp-content\/uploads\/2021\/08\/TEPOP_format-poster_5MAI-1-edited-scaled.jpg\"><img loading=\"lazy\" decoding=\"async\" width=\"1024\" height=\"1024\" src=\"https:\/\/www.tepop.fr\/wp-content\/uploads\/2021\/08\/TEPOP_format-poster_5MAI-1-edited-1024x1024.jpg\" alt=\"\" class=\"wp-image-1435\" srcset=\"https:\/\/www.tepop.fr\/wp-content\/uploads\/2021\/08\/TEPOP_format-poster_5MAI-1-edited-1024x1024.jpg 1024w, https:\/\/www.tepop.fr\/wp-content\/uploads\/2021\/08\/TEPOP_format-poster_5MAI-1-edited-300x300.jpg 300w, https:\/\/www.tepop.fr\/wp-content\/uploads\/2021\/08\/TEPOP_format-poster_5MAI-1-edited-150x150.jpg 150w, https:\/\/www.tepop.fr\/wp-content\/uploads\/2021\/08\/TEPOP_format-poster_5MAI-1-edited-768x768.jpg 768w, https:\/\/www.tepop.fr\/wp-content\/uploads\/2021\/08\/TEPOP_format-poster_5MAI-1-edited-1536x1536.jpg 1536w, https:\/\/www.tepop.fr\/wp-content\/uploads\/2021\/08\/TEPOP_format-poster_5MAI-1-edited-2048x2048.jpg 2048w\" sizes=\"auto, (max-width: 1024px) 100vw, 1024px\" \/><\/a><\/figure>\n\n\n\n<p class=\"has-medium-font-size\"><a href=\"https:\/\/www.tepop.fr\/?p=16\"><strong>TEPOP : le grand Pari[s] des jeunes<\/strong><\/a><\/p>\n\n\n\n<p>Pour qui construit-on la m\u00e9tropole du grand Paris si ce n\u2019est pour les futures g\u00e9n\u00e9rations, pour les jeunes d\u2019aujourd\u2019hui, et, notamment  [\u2026]<\/p>\n\n\n\n<div style=\"height:29px\" aria-hidden=\"true\" class=\"wp-block-spacer\"><\/div>\n\n\n\n<figure class=\"wp-block-image size-large\"><a href=\"https:\/\/www.tepop.fr\/wp-content\/uploads\/2021\/08\/TEPOP_format-poster_5MAI-1-edited-scaled.jpg\"><img loading=\"lazy\" decoding=\"async\" width=\"1024\" height=\"1024\" src=\"https:\/\/www.tepop.fr\/wp-content\/uploads\/2021\/08\/TEPOP_format-poster_5MAI-1-edited-1024x1024.jpg\" alt=\"\" class=\"wp-image-1435\" srcset=\"https:\/\/www.tepop.fr\/wp-content\/uploads\/2021\/08\/TEPOP_format-poster_5MAI-1-edited-1024x1024.jpg 1024w, https:\/\/www.tepop.fr\/wp-content\/uploads\/2021\/08\/TEPOP_format-poster_5MAI-1-edited-300x300.jpg 300w, https:\/\/www.tepop.fr\/wp-content\/uploads\/2021\/08\/TEPOP_format-poster_5MAI-1-edited-150x150.jpg 150w, https:\/\/www.tepop.fr\/wp-content\/uploads\/2021\/08\/TEPOP_format-poster_5MAI-1-edited-768x768.jpg 768w, https:\/\/www.tepop.fr\/wp-content\/uploads\/2021\/08\/TEPOP_format-poster_5MAI-1-edited-1536x1536.jpg 1536w, https:\/\/www.tepop.fr\/wp-content\/uploads\/2021\/08\/TEPOP_format-poster_5MAI-1-edited-2048x2048.jpg 2048w\" sizes=\"auto, (max-width: 1024px) 100vw, 1024px\" \/><\/a><\/figure>\n\n\n\n<p class=\"has-medium-font-size\"><a href=\"https:\/\/www.tepop.fr\/?p=72\"><strong>Nos bo\u00eetes \u00e0 outils \/ recyclage, nature et \u00e9nergie <\/strong><\/a><\/p>\n\n\n\n<p>Des outils \u00e9conomiques, robustes, inventifs, cr\u00e9atifs : Recyclage, on recycle tout, on trie selon les transformations possibles  [\u2026]<\/p>\n<\/div>\n<\/div>\n\n\n\n<div style=\"height:218px\" aria-hidden=\"true\" class=\"wp-block-spacer\"><\/div>\n\n\n\n<div style=\"height:1px\" aria-hidden=\"true\" class=\"wp-block-spacer\"><\/div>\n\n\n\n<hr class=\"wp-block-separator has-text-color has-black-color has-css-opacity has-black-background-color has-background alignfull is-style-wide\"\/>\n\n\n\n<h2 class=\"wp-block-heading\"><strong>Les objectifs de nos actions<\/strong><\/h2>\n\n\n\n<div class=\"wp-block-columns is-layout-flex wp-container-core-columns-is-layout-9d6595d7 wp-block-columns-is-layout-flex\">\n<div class=\"wp-block-column is-layout-flow wp-block-column-is-layout-flow\">\n<ul style=\"font-size:19px\" class=\"wp-block-list\">\n<li><strong>Impliquer les jeunes dans un projet collectif<\/strong> :&nbsp; Une vingtaine de jeunes suivent en g\u00e9n\u00e9ral chaque projet. Nous portons une attention particuli\u00e8re \u00e0 ce qu\u2019un groupe central et mixte d\u2019une dizaine de participants puisse suivre tous les ateliers en \u00e9tant pr\u00e9sent \u00e0 la majorit\u00e9 des r\u00e9unions.<\/li>\n<\/ul>\n\n\n\n<ul class=\"wp-block-list\">\n<li><strong>Sensibiliser \u00e0 l\u2019\u00e9conomie circulaire<\/strong> :&nbsp; D\u00e9velopper un r\u00e9seau d\u2019acteurs impliqu\u00e9s dans le projet comme les centres sociaux, les entreprises locales, les associations aux comp\u00e9tences compl\u00e9mentaires (par exemple pour les chantiers participatifs), autour d\u2019un seul et m\u00eame projet.<\/li>\n<\/ul>\n\n\n\n<ul class=\"wp-block-list\">\n<li><strong>D\u00e9velopper l\u2019autonomie des jeunes<\/strong> par la cr\u00e9ation collective d\u2019outils permettant l\u2019auto-construction. Nous renouvelons et adaptons constamment ces outils, pour permettre la meilleure appropriation possible aux participants.&nbsp;<\/li>\n<\/ul>\n\n\n\n<div style=\"height:12px\" aria-hidden=\"true\" class=\"wp-block-spacer\"><\/div>\n\n\n\n<figure class=\"wp-block-image size-full\"><a href=\"https:\/\/www.tepop.fr\/wp-content\/uploads\/2021\/08\/Courneuve3_Rec.jpg\"><img loading=\"lazy\" decoding=\"async\" width=\"728\" height=\"829\" src=\"https:\/\/www.tepop.fr\/wp-content\/uploads\/2021\/08\/Courneuve3_Rec.jpg\" alt=\"\" class=\"wp-image-1389\" srcset=\"https:\/\/www.tepop.fr\/wp-content\/uploads\/2021\/08\/Courneuve3_Rec.jpg 728w, https:\/\/www.tepop.fr\/wp-content\/uploads\/2021\/08\/Courneuve3_Rec-263x300.jpg 263w\" sizes=\"auto, (max-width: 728px) 100vw, 728px\" \/><\/a><\/figure>\n\n\n\n<figure class=\"wp-block-image size-full\"><a href=\"https:\/\/www.tepop.fr\/wp-content\/uploads\/2021\/08\/ENERGIE-POPULAIRE-2_Rec.jpg\"><img loading=\"lazy\" decoding=\"async\" width=\"1024\" height=\"762\" src=\"https:\/\/www.tepop.fr\/wp-content\/uploads\/2021\/08\/ENERGIE-POPULAIRE-2_Rec.jpg\" alt=\"\" class=\"wp-image-1390\" srcset=\"https:\/\/www.tepop.fr\/wp-content\/uploads\/2021\/08\/ENERGIE-POPULAIRE-2_Rec.jpg 1024w, https:\/\/www.tepop.fr\/wp-content\/uploads\/2021\/08\/ENERGIE-POPULAIRE-2_Rec-300x223.jpg 300w, https:\/\/www.tepop.fr\/wp-content\/uploads\/2021\/08\/ENERGIE-POPULAIRE-2_Rec-768x572.jpg 768w\" sizes=\"auto, (max-width: 1024px) 100vw, 1024px\" \/><\/a><\/figure>\n<\/div>\n\n\n\n<div class=\"wp-block-column is-layout-flow wp-block-column-is-layout-flow\">\n<figure class=\"wp-block-image size-full is-resized\"><a href=\"https:\/\/www.tepop.fr\/wp-content\/uploads\/2021\/08\/TEPOP_atelier3_-la-courneuve_Rec.jpg\"><img loading=\"lazy\" decoding=\"async\" width=\"800\" height=\"464\" src=\"https:\/\/www.tepop.fr\/wp-content\/uploads\/2021\/08\/TEPOP_atelier3_-la-courneuve_Rec.jpg\" alt=\"\" class=\"wp-image-1391\" style=\"width:439px;height:254px\" srcset=\"https:\/\/www.tepop.fr\/wp-content\/uploads\/2021\/08\/TEPOP_atelier3_-la-courneuve_Rec.jpg 800w, https:\/\/www.tepop.fr\/wp-content\/uploads\/2021\/08\/TEPOP_atelier3_-la-courneuve_Rec-300x174.jpg 300w, https:\/\/www.tepop.fr\/wp-content\/uploads\/2021\/08\/TEPOP_atelier3_-la-courneuve_Rec-768x445.jpg 768w\" sizes=\"auto, (max-width: 800px) 100vw, 800px\" \/><\/a><\/figure>\n\n\n\n<figure class=\"wp-block-image size-full\"><a href=\"https:\/\/www.tepop.fr\/wp-content\/uploads\/2021\/08\/TEPOP_collage-la-courneuve_Rec.jpg\"><img loading=\"lazy\" decoding=\"async\" width=\"800\" height=\"800\" src=\"https:\/\/www.tepop.fr\/wp-content\/uploads\/2021\/08\/TEPOP_collage-la-courneuve_Rec.jpg\" alt=\"\" class=\"wp-image-1392\" srcset=\"https:\/\/www.tepop.fr\/wp-content\/uploads\/2021\/08\/TEPOP_collage-la-courneuve_Rec.jpg 800w, https:\/\/www.tepop.fr\/wp-content\/uploads\/2021\/08\/TEPOP_collage-la-courneuve_Rec-300x300.jpg 300w, https:\/\/www.tepop.fr\/wp-content\/uploads\/2021\/08\/TEPOP_collage-la-courneuve_Rec-150x150.jpg 150w, https:\/\/www.tepop.fr\/wp-content\/uploads\/2021\/08\/TEPOP_collage-la-courneuve_Rec-768x768.jpg 768w\" sizes=\"auto, (max-width: 800px) 100vw, 800px\" \/><\/a><\/figure>\n\n\n\n<div style=\"height:36px\" aria-hidden=\"true\" class=\"wp-block-spacer\"><\/div>\n\n\n\n<ul class=\"wp-block-list\">\n<li><strong>Sensibiliser au d\u00e9veloppement durable et aux \u00e9nergies renouvelables <\/strong>: par la conception de petits \u00e9quipements \u00e9cologiques pouvant cr\u00e9er ou r\u00e9cup\u00e9rer de l\u2019\u00e9nergie ; ou par la r\u00e9utilisation de d\u00e9chets.<\/li>\n<\/ul>\n\n\n\n<ul class=\"wp-block-list\">\n<li><strong>Amener les participants \u00e0 la d\u00e9couverte de professions vari\u00e9es<\/strong> : La mise en relation de diff\u00e9rents acteurs locaux des transformations urbaines avec les jeunes permet aux participants de d\u00e9couvrir une large palette de m\u00e9tiers, de formations et de savoir-faire. Au contact d\u2019architectes, d\u2019artistes, de chercheurs, de constructeurs, d\u2019entrepreneurs de mat\u00e9riaux, d\u2019\u00e9lus, des techniciens des services de la ville, et des \u00e9tudiants des \u00e9coles d&rsquo;architecture de Paris Belleville et de Lille, les jeunes acc\u00e8dent \u00e0 de nouvelles opportunit\u00e9s.<\/li>\n<\/ul>\n\n\n\n<ul class=\"wp-block-list\">\n<li><strong>Former les \u00e9tudiants en architecture \u00e0 la conception participative<\/strong> : Les postes d\u2019enseignantes des dirigeantes de l\u2019association permettent d\u2019assurer un flux constant de b\u00e9n\u00e9voles \u00e9tudiants.<\/li>\n<\/ul>\n<\/div>\n<\/div>\n\n\n\n<h2 class=\"wp-block-heading\">                                                            <strong>Ils nous soutiennent <\/strong><\/h2>\n\n\n\n<div class=\"wp-block-group is-layout-grid wp-container-core-group-is-layout-1dcf4753 wp-block-group-is-layout-grid\">\n<figure class=\"wp-block-image size-full wp-container-content-202323de\"><a href=\"https:\/\/www.tepop.fr\/wp-content\/uploads\/2024\/07\/CAISSE-DES-DEPOTS.png\"><img loading=\"lazy\" decoding=\"async\" width=\"225\" height=\"225\" src=\"https:\/\/www.tepop.fr\/wp-content\/uploads\/2024\/07\/CAISSE-DES-DEPOTS.png\" alt=\"\" class=\"wp-image-1990\" srcset=\"https:\/\/www.tepop.fr\/wp-content\/uploads\/2024\/07\/CAISSE-DES-DEPOTS.png 225w, https:\/\/www.tepop.fr\/wp-content\/uploads\/2024\/07\/CAISSE-DES-DEPOTS-150x150.png 150w\" sizes=\"auto, (max-width: 225px) 100vw, 225px\" \/><\/a><\/figure>\n\n\n\n<figure class=\"wp-block-image size-medium is-resized is-style-default\"><a href=\"https:\/\/www.tepop.fr\/wp-content\/uploads\/2024\/07\/FONDATION-DE-FRANCE.jpeg\"><img loading=\"lazy\" decoding=\"async\" width=\"300\" height=\"300\" src=\"https:\/\/www.tepop.fr\/wp-content\/uploads\/2024\/07\/FONDATION-DE-FRANCE-300x300.jpeg\" alt=\"\" class=\"wp-image-1991\" style=\"width:229px;height:auto\" srcset=\"https:\/\/www.tepop.fr\/wp-content\/uploads\/2024\/07\/FONDATION-DE-FRANCE-300x300.jpeg 300w, https:\/\/www.tepop.fr\/wp-content\/uploads\/2024\/07\/FONDATION-DE-FRANCE-150x150.jpeg 150w, https:\/\/www.tepop.fr\/wp-content\/uploads\/2024\/07\/FONDATION-DE-FRANCE-768x768.jpeg 768w, https:\/\/www.tepop.fr\/wp-content\/uploads\/2024\/07\/FONDATION-DE-FRANCE.jpeg 900w\" sizes=\"auto, (max-width: 300px) 100vw, 300px\" \/><\/a><\/figure>\n\n\n\n<figure class=\"wp-block-image size-full\"><a href=\"https:\/\/www.tepop.fr\/wp-content\/uploads\/2024\/07\/Logo-Maison-et-cite.png\"><img loading=\"lazy\" decoding=\"async\" width=\"300\" height=\"300\" src=\"https:\/\/www.tepop.fr\/wp-content\/uploads\/2024\/07\/Logo-Maison-et-cite.png\" alt=\"\" class=\"wp-image-2040\" srcset=\"https:\/\/www.tepop.fr\/wp-content\/uploads\/2024\/07\/Logo-Maison-et-cite.png 300w, https:\/\/www.tepop.fr\/wp-content\/uploads\/2024\/07\/Logo-Maison-et-cite-150x150.png 150w\" sizes=\"auto, (max-width: 300px) 100vw, 300px\" \/><\/a><\/figure>\n\n\n\n<figure class=\"wp-block-image size-full wp-container-content-202323de\"><a href=\"https:\/\/www.tepop.fr\/wp-content\/uploads\/2024\/07\/Logo-Harnes.png\"><img loading=\"lazy\" decoding=\"async\" width=\"212\" height=\"238\" src=\"https:\/\/www.tepop.fr\/wp-content\/uploads\/2024\/07\/Logo-Harnes.png\" alt=\"\" class=\"wp-image-2039\"\/><\/a><\/figure>\n<\/div>\n\n\n\n<p><\/p>\n\n\n\n<p><\/p>\n\n\n\n<div class=\"wp-block-group is-layout-grid wp-container-core-group-is-layout-c249e03a wp-block-group-is-layout-grid\">\n<figure class=\"wp-block-image size-large is-resized\"><a href=\"https:\/\/www.tepop.fr\/wp-content\/uploads\/2024\/07\/LOGO-ANCTMarianne-scaled.jpg\"><img loading=\"lazy\" decoding=\"async\" width=\"1024\" height=\"322\" src=\"https:\/\/www.tepop.fr\/wp-content\/uploads\/2024\/07\/LOGO-ANCTMarianne-1024x322.jpg\" alt=\"\" class=\"wp-image-2034\" style=\"width:410px;height:auto\" srcset=\"https:\/\/www.tepop.fr\/wp-content\/uploads\/2024\/07\/LOGO-ANCTMarianne-1024x322.jpg 1024w, https:\/\/www.tepop.fr\/wp-content\/uploads\/2024\/07\/LOGO-ANCTMarianne-300x94.jpg 300w, https:\/\/www.tepop.fr\/wp-content\/uploads\/2024\/07\/LOGO-ANCTMarianne-768x242.jpg 768w, https:\/\/www.tepop.fr\/wp-content\/uploads\/2024\/07\/LOGO-ANCTMarianne-1536x484.jpg 1536w, https:\/\/www.tepop.fr\/wp-content\/uploads\/2024\/07\/LOGO-ANCTMarianne-2048x645.jpg 2048w\" sizes=\"auto, (max-width: 1024px) 100vw, 1024px\" \/><\/a><\/figure>\n\n\n\n<figure class=\"wp-block-image size-full\"><a href=\"https:\/\/www.tepop.fr\/wp-content\/uploads\/2024\/07\/LOGO_ensapb.png\"><img loading=\"lazy\" decoding=\"async\" width=\"1054\" height=\"506\" src=\"https:\/\/www.tepop.fr\/wp-content\/uploads\/2024\/07\/LOGO_ensapb.png\" alt=\"\" class=\"wp-image-2041\" srcset=\"https:\/\/www.tepop.fr\/wp-content\/uploads\/2024\/07\/LOGO_ensapb.png 1054w, https:\/\/www.tepop.fr\/wp-content\/uploads\/2024\/07\/LOGO_ensapb-300x144.png 300w, https:\/\/www.tepop.fr\/wp-content\/uploads\/2024\/07\/LOGO_ensapb-1024x492.png 1024w, https:\/\/www.tepop.fr\/wp-content\/uploads\/2024\/07\/LOGO_ensapb-768x369.png 768w\" sizes=\"auto, (max-width: 1054px) 100vw, 1054px\" \/><\/a><\/figure>\n<\/div>\n\n\n\n<p><\/p>\n\n\n\n<p><\/p>\n\n\n\n<div class=\"wp-block-group is-layout-grid wp-container-core-group-is-layout-c249e03a wp-block-group-is-layout-grid\">\n<figure class=\"wp-block-image size-full wp-container-content-9f5fc85a\"><a href=\"https:\/\/www.tepop.fr\/wp-content\/uploads\/2024\/07\/Logo-MBM-OK-1.png\"><img loading=\"lazy\" decoding=\"async\" width=\"320\" height=\"141\" src=\"https:\/\/www.tepop.fr\/wp-content\/uploads\/2024\/07\/Logo-MBM-OK-1.png\" alt=\"\" class=\"wp-image-2042\" srcset=\"https:\/\/www.tepop.fr\/wp-content\/uploads\/2024\/07\/Logo-MBM-OK-1.png 320w, https:\/\/www.tepop.fr\/wp-content\/uploads\/2024\/07\/Logo-MBM-OK-1-300x132.png 300w\" sizes=\"auto, (max-width: 320px) 100vw, 320px\" \/><\/a><\/figure>\n\n\n\n<figure class=\"wp-block-image size-full\"><a href=\"https:\/\/www.tepop.fr\/wp-content\/uploads\/2024\/07\/LOGO_VILLETANEUSE-1.png\"><img loading=\"lazy\" decoding=\"async\" width=\"206\" height=\"245\" src=\"https:\/\/www.tepop.fr\/wp-content\/uploads\/2024\/07\/LOGO_VILLETANEUSE-1.png\" alt=\"\" class=\"wp-image-2043\"\/><\/a><\/figure>\n\n\n\n<h2 class=\"wp-block-heading\"><\/h2>\n<\/div>\n","protected":false},"excerpt":{"rendered":"<p>TEPOP r\u00e9alise des projets d\u2019architecture de proximit\u00e9 avec les jeunes dans les quartiers populaires (particuli\u00e8rement dans ceux du Grand Paris en Seine Saint-Denis). Par une approche sociale et participative, l\u2019association donne une voix \u00e0 un public trop peu souvent entendu [&#8230;]<\/p>\n","protected":false},"author":3,"featured_media":0,"parent":0,"menu_order":0,"comment_status":"closed","ping_status":"closed","template":"","meta":{"footnotes":""},"class_list":["post-121","page","type-page","status-publish","hentry"],"_links":{"self":[{"href":"https:\/\/www.tepop.fr\/index.php?rest_route=\/wp\/v2\/pages\/121","targetHints":{"allow":["GET"]}}],"collection":[{"href":"https:\/\/www.tepop.fr\/index.php?rest_route=\/wp\/v2\/pages"}],"about":[{"href":"https:\/\/www.tepop.fr\/index.php?rest_route=\/wp\/v2\/types\/page"}],"author":[{"embeddable":true,"href":"https:\/\/www.tepop.fr\/index.php?rest_route=\/wp\/v2\/users\/3"}],"replies":[{"embeddable":true,"href":"https:\/\/www.tepop.fr\/index.php?rest_route=%2Fwp%2Fv2%2Fcomments&post=121"}],"version-history":[{"count":70,"href":"https:\/\/www.tepop.fr\/index.php?rest_route=\/wp\/v2\/pages\/121\/revisions"}],"predecessor-version":[{"id":2055,"href":"https:\/\/www.tepop.fr\/index.php?rest_route=\/wp\/v2\/pages\/121\/revisions\/2055"}],"wp:attachment":[{"href":"https:\/\/www.tepop.fr\/index.php?rest_route=%2Fwp%2Fv2%2Fmedia&parent=121"}],"curies":[{"name":"wp","href":"https:\/\/api.w.org\/{rel}","templated":true}]}}