{"id":1369,"date":"2021-08-10T13:03:23","date_gmt":"2021-08-10T12:03:23","guid":{"rendered":"https:\/\/www.tepop.fr\/?page_id=1369"},"modified":"2024-09-04T14:30:22","modified_gmt":"2024-09-04T13:30:22","slug":"publications","status":"publish","type":"page","link":"https:\/\/www.tepop.fr\/?page_id=1369","title":{"rendered":"Publications"},"content":{"rendered":"\n<h2 class=\"wp-block-heading has-large-font-size\">TEPOP dans la presse<\/h2>\n\n\n\n<hr class=\"wp-block-separator has-alpha-channel-opacity is-style-wide\"\/>\n\n\n\n<p>TEPOP est pr\u00e9sent aux JOP 2024 \/ Communiqu\u00e9 de presse<\/p>\n\n\n<div class=\"wp-block-image\">\n<figure class=\"aligncenter size-large is-resized\"><a href=\"https:\/\/www.tepop.fr\/wp-content\/uploads\/2024\/09\/Com_presse_TEPOP_2024-09_JOP-2.pdf\"><img loading=\"lazy\" decoding=\"async\" width=\"683\" height=\"1024\" src=\"https:\/\/www.tepop.fr\/wp-content\/uploads\/2024\/07\/64-SAM01989-TEPOP-La-Courneuve-\u00a9Matthieu-Samadet-WEB-683x1024.jpg\" alt=\"\" class=\"wp-image-1916\" style=\"width:251px;height:auto\" srcset=\"https:\/\/www.tepop.fr\/wp-content\/uploads\/2024\/07\/64-SAM01989-TEPOP-La-Courneuve-\u00a9Matthieu-Samadet-WEB-683x1024.jpg 683w, https:\/\/www.tepop.fr\/wp-content\/uploads\/2024\/07\/64-SAM01989-TEPOP-La-Courneuve-\u00a9Matthieu-Samadet-WEB-200x300.jpg 200w, https:\/\/www.tepop.fr\/wp-content\/uploads\/2024\/07\/64-SAM01989-TEPOP-La-Courneuve-\u00a9Matthieu-Samadet-WEB-768x1152.jpg 768w, https:\/\/www.tepop.fr\/wp-content\/uploads\/2024\/07\/64-SAM01989-TEPOP-La-Courneuve-\u00a9Matthieu-Samadet-WEB-1024x1536.jpg 1024w, https:\/\/www.tepop.fr\/wp-content\/uploads\/2024\/07\/64-SAM01989-TEPOP-La-Courneuve-\u00a9Matthieu-Samadet-WEB-1365x2048.jpg 1365w, https:\/\/www.tepop.fr\/wp-content\/uploads\/2024\/07\/64-SAM01989-TEPOP-La-Courneuve-\u00a9Matthieu-Samadet-WEB-scaled.jpg 1707w\" sizes=\"auto, (max-width: 683px) 100vw, 683px\" \/><\/a><\/figure>\n<\/div>\n\n\n<p><strong>TOPOPHILE<\/strong>   Interview des membres de TEPOP par Nolwenn Auneau, architecte et illustratrice<\/p>\n\n\n\n<p><\/p>\n\n\n<div class=\"wp-block-image\">\n<figure class=\"aligncenter size-full is-resized\"><a href=\"https:\/\/www.tepop.fr\/wp-content\/uploads\/2024\/07\/TOPOPHILE_TEPOP_YOURIKIT_opuscule-1.pdf\"><img loading=\"lazy\" decoding=\"async\" width=\"622\" height=\"853\" src=\"https:\/\/www.tepop.fr\/wp-content\/uploads\/2024\/07\/IMAGE-COUV-TOPOPHILE.png\" alt=\"\" class=\"wp-image-1827\" style=\"width:287px;height:auto\" srcset=\"https:\/\/www.tepop.fr\/wp-content\/uploads\/2024\/07\/IMAGE-COUV-TOPOPHILE.png 622w, https:\/\/www.tepop.fr\/wp-content\/uploads\/2024\/07\/IMAGE-COUV-TOPOPHILE-219x300.png 219w\" sizes=\"auto, (max-width: 622px) 100vw, 622px\" \/><\/a><\/figure>\n<\/div>\n\n\n<div class=\"wp-block-file aligncenter\"><a id=\"wp-block-file--media-4d8998e5-3d60-4dd5-8395-5b197c70c73b\" href=\"https:\/\/www.tepop.fr\/wp-content\/uploads\/2024\/07\/TOPOPHILE_TEPOP_YOURIKIT_opuscule-1.pdf\">TOPOPHILE_TEPOP_YOURIKIT_opuscule<\/a><a href=\"https:\/\/www.tepop.fr\/wp-content\/uploads\/2024\/07\/TOPOPHILE_TEPOP_YOURIKIT_opuscule-1.pdf\" class=\"wp-block-file__button wp-element-button\" download aria-describedby=\"wp-block-file--media-4d8998e5-3d60-4dd5-8395-5b197c70c73b\">T\u00e9l\u00e9charger<\/a><\/div>\n\n\n\n<p><\/p>\n\n\n\n<p><\/p>\n\n\n\n<p class=\"has-text-align-center\"><strong>LE JOURNAL TEPOP # 3<\/strong><\/p>\n\n\n<div class=\"wp-block-image\">\n<figure class=\"aligncenter size-full is-resized\"><a href=\"https:\/\/www.tepop.fr\/wp-content\/uploads\/2024\/07\/Tepop-Journal-3.pdf\"><img loading=\"lazy\" decoding=\"async\" width=\"520\" height=\"728\" src=\"https:\/\/www.tepop.fr\/wp-content\/uploads\/2024\/07\/COVER-Journal-3.png\" alt=\"\" class=\"wp-image-2047\" style=\"width:276px;height:auto\" srcset=\"https:\/\/www.tepop.fr\/wp-content\/uploads\/2024\/07\/COVER-Journal-3.png 520w, https:\/\/www.tepop.fr\/wp-content\/uploads\/2024\/07\/COVER-Journal-3-214x300.png 214w\" sizes=\"auto, (max-width: 520px) 100vw, 520px\" \/><\/a><\/figure>\n<\/div>\n\n\n<div class=\"wp-block-file aligncenter\"><a id=\"wp-block-file--media-3a66fb29-1fc4-4018-b4d2-5f3c1b9ec913\" href=\"https:\/\/www.tepop.fr\/wp-content\/uploads\/2024\/07\/Tepop-Journal-3.pdf\">TEPOP-Journal 3<\/a><a href=\"https:\/\/www.tepop.fr\/wp-content\/uploads\/2024\/07\/Tepop-Journal-3.pdf\" class=\"wp-block-file__button wp-element-button\" download aria-describedby=\"wp-block-file--media-3a66fb29-1fc4-4018-b4d2-5f3c1b9ec913\">T\u00e9l\u00e9charger<\/a><\/div>\n\n\n\n<p><\/p>\n\n\n\n<p class=\"has-text-align-center\"><strong>LE JOURNAL TEPOP # 2<\/strong> <\/p>\n\n\n<div class=\"wp-block-image\">\n<figure class=\"aligncenter size-full is-resized\"><a href=\"https:\/\/www.tepop.fr\/wp-content\/uploads\/2024\/07\/TEPOP_Journal_2-1.pdf\"><img loading=\"lazy\" decoding=\"async\" width=\"516\" height=\"736\" src=\"https:\/\/www.tepop.fr\/wp-content\/uploads\/2024\/07\/IMAGE-COUV-JOURNAL-2.png\" alt=\"\" class=\"wp-image-1821\" style=\"width:316px;height:auto\" srcset=\"https:\/\/www.tepop.fr\/wp-content\/uploads\/2024\/07\/IMAGE-COUV-JOURNAL-2.png 516w, https:\/\/www.tepop.fr\/wp-content\/uploads\/2024\/07\/IMAGE-COUV-JOURNAL-2-210x300.png 210w\" sizes=\"auto, (max-width: 516px) 100vw, 516px\" \/><\/a><\/figure>\n<\/div>\n\n\n<div class=\"wp-block-file aligncenter\"><a id=\"wp-block-file--media-d3335ff6-2f35-4e91-a3f3-ab2acf569a64\" href=\"https:\/\/www.tepop.fr\/wp-content\/uploads\/2024\/07\/TEPOP_Journal_2-2.pdf\">TEPOP_Journal_2<\/a><a href=\"https:\/\/www.tepop.fr\/wp-content\/uploads\/2024\/07\/TEPOP_Journal_2-2.pdf\" class=\"wp-block-file__button wp-element-button\" download aria-describedby=\"wp-block-file--media-d3335ff6-2f35-4e91-a3f3-ab2acf569a64\">T\u00e9l\u00e9charger<\/a><\/div>\n\n\n\n<p class=\"has-text-align-center\"><strong>LE JOURNAL TEPOP  # 1             <\/strong><\/p>\n\n\n<div class=\"wp-block-image\">\n<figure class=\"aligncenter size-full is-resized\"><a href=\"https:\/\/www.tepop.fr\/wp-content\/uploads\/2024\/07\/TEPOP_Journal_1-1.pdf\"><img loading=\"lazy\" decoding=\"async\" width=\"516\" height=\"731\" src=\"https:\/\/www.tepop.fr\/wp-content\/uploads\/2024\/07\/IMAGE-COUV-JOURNAL-1.png\" alt=\"\" class=\"wp-image-1819\" style=\"width:309px;height:auto\" srcset=\"https:\/\/www.tepop.fr\/wp-content\/uploads\/2024\/07\/IMAGE-COUV-JOURNAL-1.png 516w, https:\/\/www.tepop.fr\/wp-content\/uploads\/2024\/07\/IMAGE-COUV-JOURNAL-1-212x300.png 212w\" sizes=\"auto, (max-width: 516px) 100vw, 516px\" \/><\/a><\/figure>\n<\/div>\n\n\n<div class=\"wp-block-file aligncenter\"><a id=\"wp-block-file--media-b497db40-2115-4213-ba40-1a1d70350c5e\" href=\"https:\/\/www.tepop.fr\/wp-content\/uploads\/2024\/07\/TEPOP_Journal_1-2.pdf\">TEPOP_Journal_1<\/a><a href=\"https:\/\/www.tepop.fr\/wp-content\/uploads\/2024\/07\/TEPOP_Journal_1-2.pdf\" class=\"wp-block-file__button wp-element-button\" download aria-describedby=\"wp-block-file--media-b497db40-2115-4213-ba40-1a1d70350c5e\">T\u00e9l\u00e9charger<\/a><\/div>\n\n\n\n<p><strong>NOUVELLES RICHESSES \/ 2016<\/strong> : \u00ab Aller au front avec les jeunes des quartiers populaires \u00bb, publication de TEPOP, exposant de la biennale d\u2019architecture 2016 \u00e0 Venise.<\/p>\n\n\n\n<p><\/p>\n\n\n\n<p><\/p>\n\n\n\n<h2 class=\"wp-block-heading\">TEPOP sur les ondes <\/h2>\n\n\n\n<hr class=\"wp-block-separator has-text-color has-black-color has-css-opacity has-black-background-color has-background alignfull is-style-wide\"\/>\n\n\n\n<p><strong>RADIO RapTz <\/strong> BEATS-MEDIA-CULTURE \/ 2024 : Lors de l&rsquo;atelier du Youri-Kit organis\u00e9 par TEPOP square Marcel Sembat, Anne Gorry de la Radio RapTz a interview\u00e9 Marie-Ange Jambu et un des jeunes encadrants de l&rsquo;activit\u00e9.<\/p>\n\n\n<div class=\"wp-block-image\">\n<figure class=\"aligncenter size-large is-resized\"><a href=\"https:\/\/www.tepop.fr\/wp-content\/uploads\/2024\/07\/marie-ange-intw-scaled.jpg\"><img loading=\"lazy\" decoding=\"async\" width=\"1024\" height=\"768\" src=\"https:\/\/www.tepop.fr\/wp-content\/uploads\/2024\/07\/marie-ange-intw-1024x768.jpg\" alt=\"\" class=\"wp-image-2101\" style=\"width:603px;height:auto\" srcset=\"https:\/\/www.tepop.fr\/wp-content\/uploads\/2024\/07\/marie-ange-intw-1024x768.jpg 1024w, https:\/\/www.tepop.fr\/wp-content\/uploads\/2024\/07\/marie-ange-intw-300x225.jpg 300w, https:\/\/www.tepop.fr\/wp-content\/uploads\/2024\/07\/marie-ange-intw-768x576.jpg 768w, https:\/\/www.tepop.fr\/wp-content\/uploads\/2024\/07\/marie-ange-intw-1536x1152.jpg 1536w, https:\/\/www.tepop.fr\/wp-content\/uploads\/2024\/07\/marie-ange-intw-2048x1536.jpg 2048w, https:\/\/www.tepop.fr\/wp-content\/uploads\/2024\/07\/marie-ange-intw-960x720.jpg 960w\" sizes=\"auto, (max-width: 1024px) 100vw, 1024px\" \/><\/a><\/figure>\n<\/div>\n\n\n<p><\/p>\n\n\n\n<p><strong>RADIO CAMPUS<\/strong> \/ 2015 : Lors des ateliers organis\u00e9s par TEPOP, les jeunes de Nangis et de La Courneuve ont partag\u00e9 leurs r\u00e9flexions et imagin\u00e9 des dispositifs \u00e9cologiques pour leurs quartiers. Ces ateliers ont donn\u00e9 lieu \u00e0 des \u00e9missions de radio produites et anim\u00e9es par les jeunes eux-m\u00eames, form\u00e9s pour l\u2019occasion par l\u2019association L\u2019oeil \u00e0 l\u2019\u00e9coute. Elles ont \u00e9t\u00e9 diffus\u00e9es sur Radio Campus Paris 93.9 FM les 3 et 10 octobre 2015 et sont disponibles en podcast.<\/p>\n\n\n\n<p><strong>FRANCE INFO<\/strong> \/ 2015 : Le 3 novembre 2015, B\u00e9atrice Mariolle, Pr\u00e9sidente de TEPOP, \u00e9tait invit\u00e9e par France Info \u00e0 participer \u00e0 l\u2019\u00e9v\u00e9nement \u00ab Ma Plan\u00e8te 2050 \u00bb, retransmis en direct depuis le Grand Auditorium de la Maison de la Radio. 1000 coll\u00e9giens issus de France et d\u2019ailleurs, 36 classes au total, ont \u00e9t\u00e9 mobilis\u00e9s pour pr\u00e9senter leurs solutions concr\u00e8tes pour la plan\u00e8te. N\u00e9s en 2000, ces coll\u00e9giens repr\u00e9sentent la g\u00e9n\u00e9ration qui sera aux commandes en 2050. Ils font part de leurs id\u00e9es, leurs= projets pour \u00ab sauver la plan\u00e8te \u00bb. Leurs propositions ont \u00e9t\u00e9 r\u00e9unies dans Le Livre Blanc de la Jeunesse remis aux organisateurs de la COP21 ainsi qu\u2019au Pr\u00e9sident de la R\u00e9publique par les jeunes eux-m\u00eames.&nbsp;<\/p>\n\n\n\n<p><strong><a href=\"https:\/\/www.radiocampusparis.org\/loeil-a-lecoute-le-grand-paris-des-jeunes-la-villette-16-01-2016\/\">RADIO CAMPUS<\/a><\/strong> \/ 2015: TEPOP \u00e9tait \u00e0 La Villette pendant l\u2019\u00e9v\u00e8nement Freestyle au sein de la Grande Halle. A cette occasion, les jeunes des quartiers prioritaires et des \u00e9tudiants de l\u2019\u00e9cole d\u2019architecture de Paris- Belleville exposaient des projets architecturaux et urbains \u00e9cologiques pour la future m\u00e9tropole du Grand Paris. Dans le cadre de l\u2019\u00e9v\u00e9nement \u00ab Grand Paris #Climat \u00bb, TEPOP continue \u00e0 dessiner le grand projet m\u00e9tropolitain des jeunes des quartiers populaires. Des maquettes, des vid\u00e9os, des photos, des dessins, mais aussi des retransmissions d\u2019\u00e9missions de radio permettaient de partager leurs r\u00e9flexions dans la Grande Halle de La Villette.<br><\/p>\n\n\n\n<div style=\"height:30px\" aria-hidden=\"true\" class=\"wp-block-spacer\"><\/div>\n\n\n\n<h2 class=\"wp-block-heading\"> TEPOP en conf\u00e9rence et expositions<\/h2>\n\n\n\n<hr class=\"wp-block-separator has-text-color has-black-color has-css-opacity has-black-background-color has-background alignfull is-style-wide\"\/>\n\n\n\n<p><strong>SEMAINE DU DEVELOPPEMENT DURABLE<\/strong> \/ 2018 : Le 30 mai, lors de la semaine du d\u00e9veloppement durable, TEPOP a organis\u00e9 une exposition du projet \u00ab Home Sweet Home \u00bb, au sein de la structure Edgar Quinet. Prenant la forme de portes ouvertes, les jeunes \u00e9tudiants en architecture et les jeunes du centre s\u2019employaient alors \u00e0 raconter leurs id\u00e9es et les visiteurs ont pu d\u00e9couvrir les projets dessin\u00e9s avec les jeunes tout en \u00e9tant sensibilis\u00e9s \u00e0 la question du r\u00e9emploi dans les projets d\u2019architecture.<\/p>\n\n\n\n<p><strong><a href=\"https:\/\/www.tepop.fr\/larchitecture-et-les-enfants-tepop-a-arc-en-reve\">ARC-EN-REVE<\/a><\/strong><a href=\"https:\/\/www.tepop.fr\/larchitecture-et-les-enfants-tepop-a-arc-en-reve\"> \/ 2017:<\/a>  conf\u00e9rence et exposition \u00e0 Arc en r\u00eave, Bordeaux \u00ab partager l\u2019architecture avec les enfants \u00bb. L\u2019exposition bordelaise d\u2019Arc-En-R\u00eave pr\u00e9sente du 16 au 26 novembre 2017, 40 projets qui partagent l\u2019architecture avec les enfants. Parmi eux, nous avons expos\u00e9 le travail r\u00e9alis\u00e9 avec les jeunes de La Courneuve.<\/p>\n\n\n\n<div style=\"height:30px\" aria-hidden=\"true\" class=\"wp-block-spacer\"><\/div>\n\n\n\n<p><br><\/p>\n","protected":false},"excerpt":{"rendered":"<p>TEPOP dans la presse TEPOP est pr\u00e9sent aux JOP 2024 \/ Communiqu\u00e9 de presse TOPOPHILE Interview des membres de TEPOP par Nolwenn Auneau, architecte et illustratrice LE JOURNAL TEPOP # 3 LE JOURNAL TEPOP # 2 LE JOURNAL TEPOP # [&#8230;]<\/p>\n","protected":false},"author":2,"featured_media":0,"parent":0,"menu_order":0,"comment_status":"closed","ping_status":"closed","template":"templates\/template-no-title.php","meta":{"footnotes":""},"class_list":["post-1369","page","type-page","status-publish","hentry"],"_links":{"self":[{"href":"https:\/\/www.tepop.fr\/index.php?rest_route=\/wp\/v2\/pages\/1369","targetHints":{"allow":["GET"]}}],"collection":[{"href":"https:\/\/www.tepop.fr\/index.php?rest_route=\/wp\/v2\/pages"}],"about":[{"href":"https:\/\/www.tepop.fr\/index.php?rest_route=\/wp\/v2\/types\/page"}],"author":[{"embeddable":true,"href":"https:\/\/www.tepop.fr\/index.php?rest_route=\/wp\/v2\/users\/2"}],"replies":[{"embeddable":true,"href":"https:\/\/www.tepop.fr\/index.php?rest_route=%2Fwp%2Fv2%2Fcomments&post=1369"}],"version-history":[{"count":41,"href":"https:\/\/www.tepop.fr\/index.php?rest_route=\/wp\/v2\/pages\/1369\/revisions"}],"predecessor-version":[{"id":2164,"href":"https:\/\/www.tepop.fr\/index.php?rest_route=\/wp\/v2\/pages\/1369\/revisions\/2164"}],"wp:attachment":[{"href":"https:\/\/www.tepop.fr\/index.php?rest_route=%2Fwp%2Fv2%2Fmedia&parent=1369"}],"curies":[{"name":"wp","href":"https:\/\/api.w.org\/{rel}","templated":true}]}}