{"id":1619,"date":"2021-08-16T14:25:27","date_gmt":"2021-08-16T13:25:27","guid":{"rendered":"https:\/\/www.tepop.fr\/?page_id=1619"},"modified":"2021-08-19T14:16:53","modified_gmt":"2021-08-19T13:16:53","slug":"la-carte-illustree","status":"publish","type":"page","link":"https:\/\/www.tepop.fr\/?page_id=1619","title":{"rendered":"La Carte illustr\u00e9e des Olympiades \u00e0 \u00e9nergie populaire"},"content":{"rendered":"\n<figure class=\"wp-block-image alignfull size-full\"><a href=\"https:\/\/www.tepop.fr\/wp-content\/uploads\/2021\/08\/TEPOP_Carte-illustree_210223-2.jpg\"><img loading=\"lazy\" decoding=\"async\" width=\"9953\" height=\"7030\" src=\"https:\/\/www.tepop.fr\/wp-content\/uploads\/2021\/08\/TEPOP_Carte-illustree_210223-2.jpg\" alt=\"\" class=\"wp-image-1654\"\/><\/a><\/figure>\n\n\n\n<p class=\"has-text-align-left\">Dans le cadre du projet <a href=\"https:\/\/www.tepop.fr\/?p=1076\">\u00e9co-construire les Olympiades \u00e0 \u00e9nergie populaire<\/a> <\/p>\n\n\n\n<p>Cette carte illustr\u00e9e repr\u00e9sente une ann\u00e9e d&rsquo;enqu\u00eate men\u00e9e aupr\u00e8s des habitants de Plaine Commune sur le th\u00e8me de leurs pratiques ludo-sportives dans l&rsquo;espace public. Arm\u00e9 d&rsquo;une grande vue satellite du territoire (un grand rouleau de 1m par 5m), de scotchs et de marqueurs, TEPOP a demand\u00e9 aux sportifs, aux jeunes, aux passants&#8230;&nbsp;; de parler de la mani\u00e8re dont ils s&rsquo;approprient l&rsquo;espace public pour faire de l&rsquo;exercice physique. Toutes ces rencontres lors cette enqu\u00eate itin\u00e9rante nous ont permises&nbsp;&#8211; de d\u00e9couvrir des r\u00e9seaux de forces vives sur le territoire &#8211; de comprendre les situations spatiales propices aux pratiques ludo-sportives informelles &#8211; de relever des terrains \u00e0 fort potentiel d&rsquo;activation par le sport.<\/p>\n\n\n\n<p>L&rsquo;objectif de la carte illustr\u00e9e est de faire la restitution sensible de cette enqu\u00eate. Cette restitution est un nouvel outil pour TEPOP dans le cadre du projet \u00ab&nbsp;\u00e9co-construire les Olympiades \u00e0 \u00e9nergie populaire&nbsp;\u00bb dans le but&nbsp;:<\/p>\n\n\n\n<ul class=\"wp-block-list\"><li>D&rsquo;engager le dialogue avec les jeunes&nbsp;: en \u00e9tant sensible, ce diagnostic n&rsquo;est pas fig\u00e9, il repr\u00e9sente une interpr\u00e9tation subjective des informations r\u00e9colt\u00e9es pendant un an. Ce qui permet \u00e0 chacun de r\u00e9agir et de questionner les \u00e9l\u00e9ments relev\u00e9s.<\/li><\/ul>\n\n\n\n<ul class=\"wp-block-list\"><li>D&rsquo;avoir une repr\u00e9sentation \u00e9largie du territoire de projet&nbsp;: de situer les diff\u00e9rents sites Olympiques des JOParis 2024 et de situer les diff\u00e9rents quartiers populaires, futurs territoires de projet.<\/li><\/ul>\n\n\n\n<ul class=\"wp-block-list\"><li>De visualiser les liens, les s\u00e9parations voir les tensions entre les quartiers&nbsp;: cette repr\u00e9sentation propose une lecture des caract\u00e9ristiques propres \u00e0 chaque quartier, leurs forces vives, leurs monuments locaux, leurs lieux et leurs parcours sportifs typiques&#8230;<\/li><\/ul>\n\n\n\n<p>Pour r\u00e9aliser la carte illustr\u00e9e, nous avons retranscrit les donn\u00e9es capt\u00e9es sur la carte itin\u00e9rante. Appara\u00eet aussi certains verbatims entendus lors des entretiens qui sont particuli\u00e8rement int\u00e9ressant pour comprendre la place du sport dans l&rsquo;espace public. La diversit\u00e9 des informations a amen\u00e9 l&rsquo;\u00e9quipe de TEPOP \u00e0 r\u00e9ajuster la l\u00e9gende au fur et \u00e0 mesure de l&rsquo;enqu\u00eate pour cibler de mieux en mieux les informations que nous souhaitions r\u00e9colter&nbsp;:<\/p>\n\n\n\n<p>L\u00e9gende de d\u00e9part\u00a0: &#8211; faire du sport \u2013 aller au sport \u2013 aller voir du sport<\/p>\n\n\n\n<p>L\u00e9gende finale\u00a0: &#8211; p\u00f4les et parcours de sports informels \u2013 lieux attracteurs &amp; monuments locaux \u2013 forces vives \u2013 terrains \u00e0 potentiel d&rsquo;activation.<\/p>\n\n\n\n<p> Nous utilisons cette carte pour initier des cycles d&rsquo;atelier avec les jeunes. En r\u00e9alisant avec les jeunes des zooms sur la carte sensible, nous avons une repr\u00e9sentation de plus en plus exacte du territoire sportif des villes de Saint-Denis, de Saint-Ouen, d&rsquo;Aubervilliers, de la Courneuve et de l&rsquo;\u00cele Saint-Denis.<\/p>\n","protected":false},"excerpt":{"rendered":"<p>Dans le cadre du projet \u00e9co-construire les Olympiades \u00e0 \u00e9nergie populaire Cette carte illustr\u00e9e repr\u00e9sente une ann\u00e9e d&rsquo;enqu\u00eate men\u00e9e aupr\u00e8s des habitants de Plaine Commune sur le th\u00e8me de leurs pratiques ludo-sportives dans l&rsquo;espace public. Arm\u00e9 d&rsquo;une grande vue satellite [&#8230;]<\/p>\n","protected":false},"author":2,"featured_media":0,"parent":0,"menu_order":0,"comment_status":"closed","ping_status":"closed","template":"templates\/template-no-title.php","meta":{"footnotes":""},"class_list":["post-1619","page","type-page","status-publish","hentry"],"_links":{"self":[{"href":"https:\/\/www.tepop.fr\/index.php?rest_route=\/wp\/v2\/pages\/1619","targetHints":{"allow":["GET"]}}],"collection":[{"href":"https:\/\/www.tepop.fr\/index.php?rest_route=\/wp\/v2\/pages"}],"about":[{"href":"https:\/\/www.tepop.fr\/index.php?rest_route=\/wp\/v2\/types\/page"}],"author":[{"embeddable":true,"href":"https:\/\/www.tepop.fr\/index.php?rest_route=\/wp\/v2\/users\/2"}],"replies":[{"embeddable":true,"href":"https:\/\/www.tepop.fr\/index.php?rest_route=%2Fwp%2Fv2%2Fcomments&post=1619"}],"version-history":[{"count":3,"href":"https:\/\/www.tepop.fr\/index.php?rest_route=\/wp\/v2\/pages\/1619\/revisions"}],"predecessor-version":[{"id":1657,"href":"https:\/\/www.tepop.fr\/index.php?rest_route=\/wp\/v2\/pages\/1619\/revisions\/1657"}],"wp:attachment":[{"href":"https:\/\/www.tepop.fr\/index.php?rest_route=%2Fwp%2Fv2%2Fmedia&parent=1619"}],"curies":[{"name":"wp","href":"https:\/\/api.w.org\/{rel}","templated":true}]}}