{"id":1717,"date":"2021-09-23T13:10:11","date_gmt":"2021-09-23T12:10:11","guid":{"rendered":"https:\/\/www.tepop.fr\/?page_id=1717"},"modified":"2024-07-26T10:57:02","modified_gmt":"2024-07-26T09:57:02","slug":"rapports-dactivites","status":"publish","type":"page","link":"https:\/\/www.tepop.fr\/?page_id=1717","title":{"rendered":"Rapports d&rsquo;activit\u00e9s"},"content":{"rendered":"\n<h6 class=\"wp-block-heading has-text-align-center\" style=\"font-size:28px\">Rapport annuel 2023<\/h6>\n\n\n<div class=\"wp-block-image\">\n<figure class=\"aligncenter size-full is-resized\"><a href=\"https:\/\/www.tepop.fr\/wp-content\/uploads\/2024\/07\/2023-AG-Rapport-activite-envoi-1.pdf\"><img loading=\"lazy\" decoding=\"async\" width=\"653\" height=\"866\" src=\"https:\/\/www.tepop.fr\/wp-content\/uploads\/2024\/07\/RA-2023.png\" alt=\"\" class=\"wp-image-1787\" style=\"width:397px;height:auto\" srcset=\"https:\/\/www.tepop.fr\/wp-content\/uploads\/2024\/07\/RA-2023.png 653w, https:\/\/www.tepop.fr\/wp-content\/uploads\/2024\/07\/RA-2023-226x300.png 226w\" sizes=\"auto, (max-width: 653px) 100vw, 653px\" \/><\/a><\/figure>\n<\/div>\n\n\n<p class=\"has-text-align-center\"><a href=\"https:\/\/www.tepop.fr\/wp-content\/uploads\/2024\/07\/2023-AG-Rapport-activite-envoi-1.pdf\">T\u00e9l\u00e9charger le rapport d&rsquo;activit\u00e9 2023<\/a><\/p>\n\n\n\n<h2 class=\"wp-block-heading has-text-align-center\" style=\"font-size:27px\">Rapport annuel 2022<\/h2>\n\n\n<div class=\"wp-block-image\">\n<figure class=\"aligncenter size-full is-resized\"><a href=\"https:\/\/www.tepop.fr\/wp-content\/uploads\/2024\/07\/AG2022_rapport-activite-2022-1.pdf\"><img loading=\"lazy\" decoding=\"async\" width=\"491\" height=\"687\" src=\"https:\/\/www.tepop.fr\/wp-content\/uploads\/2024\/07\/RA-2022.png\" alt=\"\" class=\"wp-image-1792\" style=\"width:395px;height:auto\" srcset=\"https:\/\/www.tepop.fr\/wp-content\/uploads\/2024\/07\/RA-2022.png 491w, https:\/\/www.tepop.fr\/wp-content\/uploads\/2024\/07\/RA-2022-214x300.png 214w\" sizes=\"auto, (max-width: 491px) 100vw, 491px\" \/><\/a><\/figure>\n<\/div>\n\n\n<p class=\"has-text-align-center\"><a href=\"https:\/\/www.tepop.fr\/wp-content\/uploads\/2024\/07\/AG2022_rapport-activite-2022-1.pdf\" data-type=\"page\" data-id=\"1717\">T\u00e9l\u00e9charger le rapport annuel 2022<\/a><\/p>\n\n\n\n<p><\/p>\n\n\n\n<p class=\"has-text-align-center\"><strong>Rapport annuel 2021 (A venir)<\/strong><\/p>\n\n\n\n<p><\/p>\n\n\n\n<p class=\"has-text-align-center\">Rapport annuel 2020 (A venir)<\/p>\n\n\n\n<p><\/p>\n\n\n\n<p><\/p>\n\n\n\n<p><\/p>\n","protected":false},"excerpt":{"rendered":"<p>Rapport annuel 2023 T\u00e9l\u00e9charger le rapport d&rsquo;activit\u00e9 2023 Rapport annuel 2022 T\u00e9l\u00e9charger le rapport annuel 2022 Rapport annuel 2021 (A venir) Rapport annuel 2020 (A venir)<\/p>\n","protected":false},"author":2,"featured_media":0,"parent":0,"menu_order":0,"comment_status":"closed","ping_status":"closed","template":"","meta":{"footnotes":""},"class_list":["post-1717","page","type-page","status-publish","hentry"],"_links":{"self":[{"href":"https:\/\/www.tepop.fr\/index.php?rest_route=\/wp\/v2\/pages\/1717","targetHints":{"allow":["GET"]}}],"collection":[{"href":"https:\/\/www.tepop.fr\/index.php?rest_route=\/wp\/v2\/pages"}],"about":[{"href":"https:\/\/www.tepop.fr\/index.php?rest_route=\/wp\/v2\/types\/page"}],"author":[{"embeddable":true,"href":"https:\/\/www.tepop.fr\/index.php?rest_route=\/wp\/v2\/users\/2"}],"replies":[{"embeddable":true,"href":"https:\/\/www.tepop.fr\/index.php?rest_route=%2Fwp%2Fv2%2Fcomments&post=1717"}],"version-history":[{"count":13,"href":"https:\/\/www.tepop.fr\/index.php?rest_route=\/wp\/v2\/pages\/1717\/revisions"}],"predecessor-version":[{"id":2120,"href":"https:\/\/www.tepop.fr\/index.php?rest_route=\/wp\/v2\/pages\/1717\/revisions\/2120"}],"wp:attachment":[{"href":"https:\/\/www.tepop.fr\/index.php?rest_route=%2Fwp%2Fv2%2Fmedia&parent=1717"}],"curies":[{"name":"wp","href":"https:\/\/api.w.org\/{rel}","templated":true}]}}