{"id":1719,"date":"2021-09-23T13:13:25","date_gmt":"2021-09-23T12:13:25","guid":{"rendered":"https:\/\/www.tepop.fr\/?page_id=1719"},"modified":"2024-07-26T10:33:04","modified_gmt":"2024-07-26T09:33:04","slug":"videos","status":"publish","type":"page","link":"https:\/\/www.tepop.fr\/?page_id=1719","title":{"rendered":"TEPOP sur les \u00e9crans"},"content":{"rendered":"\n<h2 class=\"wp-block-heading\">Les jeunes de la Courneuve visitent l&rsquo;Ecole d&rsquo;architecture de Paris-Belleville \u00e0 Paris<\/h2>\n\n\n\n<p><\/p>\n\n\n\n<figure class=\"wp-block-embed is-type-video is-provider-youtube wp-block-embed-youtube wp-embed-aspect-16-9 wp-has-aspect-ratio\"><div class=\"wp-block-embed__wrapper\">\n<iframe loading=\"lazy\" title=\"Les jeunes de Youri visitent l&#039;\u00e9cole d&#039;architecture de Paris Belleville\/1\" width=\"800\" height=\"450\" src=\"https:\/\/www.youtube.com\/embed\/Bu48ZDl-U4I?feature=oembed\" frameborder=\"0\" allow=\"accelerometer; autoplay; clipboard-write; encrypted-media; gyroscope; picture-in-picture; web-share\" referrerpolicy=\"strict-origin-when-cross-origin\" allowfullscreen><\/iframe>\n<\/div><figcaption class=\"wp-element-caption\"><strong>PRESENTATION <\/strong><\/figcaption><\/figure>\n\n\n\n<figure class=\"wp-block-embed is-type-video is-provider-youtube wp-block-embed-youtube wp-embed-aspect-16-9 wp-has-aspect-ratio\"><div class=\"wp-block-embed__wrapper\">\n<iframe loading=\"lazy\" title=\"Le city park\" width=\"800\" height=\"450\" src=\"https:\/\/www.youtube.com\/embed\/7zFHFstLADs?feature=oembed\" frameborder=\"0\" allow=\"accelerometer; autoplay; clipboard-write; encrypted-media; gyroscope; picture-in-picture; web-share\" referrerpolicy=\"strict-origin-when-cross-origin\" allowfullscreen><\/iframe>\n<\/div><figcaption class=\"wp-element-caption\">LE CITYPARK<\/figcaption><\/figure>\n\n\n\n<p class=\"has-text-align-center has-medium-font-size\"><\/p>\n\n\n\n<figure class=\"wp-block-embed is-type-video is-provider-youtube wp-block-embed-youtube wp-embed-aspect-16-9 wp-has-aspect-ratio\"><div class=\"wp-block-embed__wrapper\">\n<iframe loading=\"lazy\" title=\"Sport\" width=\"800\" height=\"450\" src=\"https:\/\/www.youtube.com\/embed\/nu0HOSeSNSs?feature=oembed\" frameborder=\"0\" allow=\"accelerometer; autoplay; clipboard-write; encrypted-media; gyroscope; picture-in-picture; web-share\" referrerpolicy=\"strict-origin-when-cross-origin\" allowfullscreen><\/iframe>\n<\/div><figcaption class=\"wp-element-caption\">LE SPORT <\/figcaption><\/figure>\n\n\n\n<p class=\"has-text-align-center has-medium-font-size\"><a href=\"https:\/\/youtu.be\/61A5DR4PBPg\">VIDEO 4<\/a> <strong>LE CITYPARK 2<\/strong><\/p>\n\n\n\n<figure class=\"wp-block-embed is-type-video is-provider-youtube wp-block-embed-youtube wp-embed-aspect-16-9 wp-has-aspect-ratio\"><div class=\"wp-block-embed__wrapper\">\n<iframe loading=\"lazy\" title=\"City Park2\" width=\"800\" height=\"450\" src=\"https:\/\/www.youtube.com\/embed\/61A5DR4PBPg?feature=oembed\" frameborder=\"0\" allow=\"accelerometer; autoplay; clipboard-write; encrypted-media; gyroscope; picture-in-picture; web-share\" referrerpolicy=\"strict-origin-when-cross-origin\" allowfullscreen><\/iframe>\n<\/div><figcaption class=\"wp-element-caption\">LE CITYPARK<\/figcaption><\/figure>\n\n\n\n<p class=\"has-text-align-center has-medium-font-size\"><\/p>\n\n\n\n<figure class=\"wp-block-embed is-type-video is-provider-youtube wp-block-embed-youtube wp-embed-aspect-16-9 wp-has-aspect-ratio\"><div class=\"wp-block-embed__wrapper\">\n<iframe loading=\"lazy\" title=\"R\u00eaver le sport\" width=\"800\" height=\"450\" src=\"https:\/\/www.youtube.com\/embed\/Au5oMapRgAU?feature=oembed\" frameborder=\"0\" allow=\"accelerometer; autoplay; clipboard-write; encrypted-media; gyroscope; picture-in-picture; web-share\" referrerpolicy=\"strict-origin-when-cross-origin\" allowfullscreen><\/iframe>\n<\/div><figcaption class=\"wp-element-caption\">REVER LE SPORT <\/figcaption><\/figure>\n\n\n\n<p><\/p>\n\n\n\n<p><a href=\"https:\/\/www.youtube.com\/watch?v=O9UhFy2qbvQ\"><strong>VIDEO DE PRESENTATION DU PROJET OLYMPIADES <\/strong><\/a>(version anglaise)<\/p>\n\n\n\n<figure class=\"wp-block-embed is-type-video is-provider-youtube wp-block-embed-youtube wp-embed-aspect-16-9 wp-has-aspect-ratio\"><div class=\"wp-block-embed__wrapper\">\n<iframe loading=\"lazy\" title=\"TEPOP Olympiade \u00e0 Energie Populaire\" width=\"800\" height=\"450\" src=\"https:\/\/www.youtube.com\/embed\/O9UhFy2qbvQ?feature=oembed\" frameborder=\"0\" allow=\"accelerometer; autoplay; clipboard-write; encrypted-media; gyroscope; picture-in-picture; web-share\" referrerpolicy=\"strict-origin-when-cross-origin\" allowfullscreen><\/iframe>\n<\/div><\/figure>\n\n\n\n<p><strong><a href=\"https:\/\/vimeo.com\/141150191\">VIDEO SYNTHESE PROJET CESARIA EVORA<\/a><\/strong><a href=\"https:\/\/vimeo.com\/141150191\"> \/ 2016<\/a>: Apr\u00e8s avoir anim\u00e9 les ateliers avec les jeunes du centre social Cesaria Evora, un court film a \u00e9t\u00e9 r\u00e9alis\u00e9 pour relater l&rsquo;ensemble de cette aventure collective.<\/p>\n\n\n\n<figure class=\"wp-block-embed is-type-video is-provider-vimeo wp-block-embed-vimeo wp-embed-aspect-16-9 wp-has-aspect-ratio\"><div class=\"wp-block-embed__wrapper\">\n<iframe loading=\"lazy\" title=\"La Courneuve\" src=\"https:\/\/player.vimeo.com\/video\/141150191?dnt=1&amp;app_id=122963\" width=\"800\" height=\"450\" frameborder=\"0\" allow=\"autoplay; fullscreen; picture-in-picture; clipboard-write\"><\/iframe>\n<\/div><\/figure>\n\n\n\n<p><\/p>\n\n\n\n<figure class=\"wp-block-embed is-type-video is-provider-youtube wp-block-embed-youtube wp-embed-aspect-16-9 wp-has-aspect-ratio\"><div class=\"wp-block-embed__wrapper\">\n<iframe loading=\"lazy\" title=\"TEPOP a La Courneuve\" width=\"800\" height=\"450\" src=\"https:\/\/www.youtube.com\/embed\/wQJ9mwEmJe8?feature=oembed\" frameborder=\"0\" allow=\"accelerometer; autoplay; clipboard-write; encrypted-media; gyroscope; picture-in-picture; web-share\" referrerpolicy=\"strict-origin-when-cross-origin\" allowfullscreen><\/iframe>\n<\/div><figcaption class=\"wp-element-caption\">TEPOP \u00e0 la Courneuve<\/figcaption><\/figure>\n\n\n\n<figure class=\"wp-block-embed is-type-video is-provider-youtube wp-block-embed-youtube wp-embed-aspect-16-9 wp-has-aspect-ratio\"><div class=\"wp-block-embed__wrapper\">\n<iframe loading=\"lazy\" title=\"TEPOP Olympiade \u00e0 Energie Populaire\" width=\"800\" height=\"450\" src=\"https:\/\/www.youtube.com\/embed\/O9UhFy2qbvQ?feature=oembed\" frameborder=\"0\" allow=\"accelerometer; autoplay; clipboard-write; encrypted-media; gyroscope; picture-in-picture; web-share\" referrerpolicy=\"strict-origin-when-cross-origin\" allowfullscreen><\/iframe>\n<\/div><figcaption class=\"wp-element-caption\">TEPOP Olympiade \u00e0 Energie Populaire<\/figcaption><\/figure>\n\n\n\n<figure class=\"wp-block-embed is-type-video is-provider-youtube wp-block-embed-youtube wp-embed-aspect-16-9 wp-has-aspect-ratio\"><div class=\"wp-block-embed__wrapper\">\n<iframe loading=\"lazy\" title=\"Grand Paris la m\u00e9tropole des Small acts\" width=\"800\" height=\"450\" src=\"https:\/\/www.youtube.com\/embed\/vNQX3bfJbtg?feature=oembed\" frameborder=\"0\" allow=\"accelerometer; autoplay; clipboard-write; encrypted-media; gyroscope; picture-in-picture; web-share\" referrerpolicy=\"strict-origin-when-cross-origin\" allowfullscreen><\/iframe>\n<\/div><figcaption class=\"wp-element-caption\">Grand Paris : La m\u00e9tropole des small acts<\/figcaption><\/figure>\n\n\n\n<figure class=\"wp-block-embed is-type-video is-provider-youtube wp-block-embed-youtube wp-embed-aspect-16-9 wp-has-aspect-ratio\"><div class=\"wp-block-embed__wrapper\">\n<iframe loading=\"lazy\" title=\"Battle d&#039;archi \u00e0 Nangis\" width=\"800\" height=\"450\" src=\"https:\/\/www.youtube.com\/embed\/5BVElSubyhU?feature=oembed\" frameborder=\"0\" allow=\"accelerometer; autoplay; clipboard-write; encrypted-media; gyroscope; picture-in-picture; web-share\" referrerpolicy=\"strict-origin-when-cross-origin\" allowfullscreen><\/iframe>\n<\/div><figcaption class=\"wp-element-caption\">Battle d&rsquo;archi \u00e0 Nangis<\/figcaption><\/figure>\n\n\n\n<figure class=\"wp-block-embed is-type-video is-provider-youtube wp-block-embed-youtube wp-embed-aspect-4-3 wp-has-aspect-ratio\"><div class=\"wp-block-embed__wrapper\">\n<iframe loading=\"lazy\" title=\"atelier 2 nangis 480p\" width=\"800\" height=\"600\" src=\"https:\/\/www.youtube.com\/embed\/cdMGXmJbrzk?feature=oembed\" frameborder=\"0\" allow=\"accelerometer; autoplay; clipboard-write; encrypted-media; gyroscope; picture-in-picture; web-share\" referrerpolicy=\"strict-origin-when-cross-origin\" allowfullscreen><\/iframe>\n<\/div><figcaption class=\"wp-element-caption\">Atelier 2 \u00e0 Nangis<\/figcaption><\/figure>\n\n\n\n<figure class=\"wp-block-embed is-type-video is-provider-youtube wp-block-embed-youtube wp-embed-aspect-16-9 wp-has-aspect-ratio\"><div class=\"wp-block-embed__wrapper\">\n<iframe loading=\"lazy\" title=\"BMCA AIGP 6juillet 1080p\" width=\"800\" height=\"450\" src=\"https:\/\/www.youtube.com\/embed\/_2ilxLnf2xM?feature=oembed\" frameborder=\"0\" allow=\"accelerometer; autoplay; clipboard-write; encrypted-media; gyroscope; picture-in-picture; web-share\" referrerpolicy=\"strict-origin-when-cross-origin\" allowfullscreen><\/iframe>\n<\/div><figcaption class=\"wp-element-caption\">Le Grand Paris des jeunes des quartiers populaires<\/figcaption><\/figure>\n\n\n\n<figure class=\"wp-block-embed is-type-video is-provider-youtube wp-block-embed-youtube wp-embed-aspect-4-3 wp-has-aspect-ratio\"><div class=\"wp-block-embed__wrapper\">\n<iframe loading=\"lazy\" title=\"atelier 1 nangis 540p\" width=\"800\" height=\"600\" src=\"https:\/\/www.youtube.com\/embed\/2-HvAuA7QbU?feature=oembed\" frameborder=\"0\" allow=\"accelerometer; autoplay; clipboard-write; encrypted-media; gyroscope; picture-in-picture; web-share\" referrerpolicy=\"strict-origin-when-cross-origin\" allowfullscreen><\/iframe>\n<\/div><figcaption class=\"wp-element-caption\">Atelier 1 \u00e0 Nangis<\/figcaption><\/figure>\n\n\n\n<p><\/p>\n\n\n\n<p><strong>INTERVIEW<\/strong> \/ 2015 : La WebTV Whoozart, dont l\u2019AIGP est partenaire, a film\u00e9 B\u00e9atrice Mariolle et Marie-Ange Jambu \u00e0 l\u2019occasion d\u2019un court m\u00e9trage sur les travaux des \u00e9quipes du comit\u00e9 scientifique de l\u2019AIGP.<\/p>\n\n\n\n<p><strong><a href=\"https:\/\/www.dailymotion.com\/video\/x3cdb6c\">INTERVIEW<\/a><\/strong><a href=\"https:\/\/www.dailymotion.com\/video\/x3cdb6c\"> \/ 2015<\/a> : La cha\u00eene vid\u00e9o du Minist\u00e8re de l\u2019\u00c9cologie, du D\u00e9veloppement durable et de l\u2019\u00c9nergie interview B\u00e9atrice Mariolle pour France \u00c9cologie \u00c9nergie. <br>\u00ab <em>\u2026 La transformation de l\u2019espace public, des quartiers et de la ville en g\u00e9n\u00e9ral est un enjeu majeur de la COP 21, mais c\u2019est avant tout l\u2019affaire de tous, une question de d\u00e9mocratie<\/em> \u00bb.<\/p>\n\n\n\n<figure class=\"wp-block-embed is-type-video is-provider-dailymotion wp-block-embed-dailymotion wp-embed-aspect-16-9 wp-has-aspect-ratio\"><div class=\"wp-block-embed__wrapper\">\n<iframe loading=\"lazy\" title=\"J - 22 avant la COP21 :  l&#039;architecture au service du climat\" frameborder=\"0\" width=\"800\" height=\"450\" src=\"https:\/\/geo.dailymotion.com\/player.html?video=x3cdb6c&#038;\" allowfullscreen allow=\"autoplay; fullscreen; picture-in-picture; web-share\"><\/iframe>\n<\/div><\/figure>\n\n\n\n<p><\/p>\n","protected":false},"excerpt":{"rendered":"<p>Les jeunes de la Courneuve visitent l&rsquo;Ecole d&rsquo;architecture de Paris-Belleville \u00e0 Paris VIDEO 4 LE CITYPARK 2 VIDEO DE PRESENTATION DU PROJET OLYMPIADES (version anglaise) VIDEO SYNTHESE PROJET CESARIA EVORA \/ 2016: Apr\u00e8s avoir anim\u00e9 les ateliers avec les jeunes [&#8230;]<\/p>\n","protected":false},"author":2,"featured_media":0,"parent":0,"menu_order":0,"comment_status":"closed","ping_status":"closed","template":"","meta":{"footnotes":""},"class_list":["post-1719","page","type-page","status-publish","hentry"],"_links":{"self":[{"href":"https:\/\/www.tepop.fr\/index.php?rest_route=\/wp\/v2\/pages\/1719","targetHints":{"allow":["GET"]}}],"collection":[{"href":"https:\/\/www.tepop.fr\/index.php?rest_route=\/wp\/v2\/pages"}],"about":[{"href":"https:\/\/www.tepop.fr\/index.php?rest_route=\/wp\/v2\/types\/page"}],"author":[{"embeddable":true,"href":"https:\/\/www.tepop.fr\/index.php?rest_route=\/wp\/v2\/users\/2"}],"replies":[{"embeddable":true,"href":"https:\/\/www.tepop.fr\/index.php?rest_route=%2Fwp%2Fv2%2Fcomments&post=1719"}],"version-history":[{"count":20,"href":"https:\/\/www.tepop.fr\/index.php?rest_route=\/wp\/v2\/pages\/1719\/revisions"}],"predecessor-version":[{"id":2104,"href":"https:\/\/www.tepop.fr\/index.php?rest_route=\/wp\/v2\/pages\/1719\/revisions\/2104"}],"wp:attachment":[{"href":"https:\/\/www.tepop.fr\/index.php?rest_route=%2Fwp%2Fv2%2Fmedia&parent=1719"}],"curies":[{"name":"wp","href":"https:\/\/api.w.org\/{rel}","templated":true}]}}