{"id":465,"date":"2019-02-20T10:46:51","date_gmt":"2019-02-20T09:46:51","guid":{"rendered":"http:\/\/www.tepop.fr\/?page_id=465"},"modified":"2024-09-06T11:53:08","modified_gmt":"2024-09-06T10:53:08","slug":"projets","status":"publish","type":"page","link":"https:\/\/www.tepop.fr\/","title":{"rendered":"Projets"},"content":{"rendered":"\n<div style=\"height:1px\" aria-hidden=\"true\" class=\"wp-block-spacer\"><\/div>\n\n\n\n<div class=\"wp-block-columns is-layout-flex wp-container-core-columns-is-layout-9d6595d7 wp-block-columns-is-layout-flex\">\n<div class=\"wp-block-column is-layout-flow wp-block-column-is-layout-flow\">\n<h2 class=\"wp-block-heading has-large-font-size\">Actu<\/h2>\n\n\n\n<div class=\"wp-block-cover aligncenter\"><span aria-hidden=\"true\" class=\"wp-block-cover__background has-background-dim\"><\/span><img loading=\"lazy\" decoding=\"async\" width=\"683\" height=\"1024\" class=\"wp-block-cover__image-background wp-image-1916\" alt=\"\" src=\"https:\/\/www.tepop.fr\/wp-content\/uploads\/2024\/07\/64-SAM01989-TEPOP-La-Courneuve-\u00a9Matthieu-Samadet-WEB-683x1024.jpg\" data-object-fit=\"cover\" srcset=\"https:\/\/www.tepop.fr\/wp-content\/uploads\/2024\/07\/64-SAM01989-TEPOP-La-Courneuve-\u00a9Matthieu-Samadet-WEB-683x1024.jpg 683w, https:\/\/www.tepop.fr\/wp-content\/uploads\/2024\/07\/64-SAM01989-TEPOP-La-Courneuve-\u00a9Matthieu-Samadet-WEB-200x300.jpg 200w, https:\/\/www.tepop.fr\/wp-content\/uploads\/2024\/07\/64-SAM01989-TEPOP-La-Courneuve-\u00a9Matthieu-Samadet-WEB-768x1152.jpg 768w, https:\/\/www.tepop.fr\/wp-content\/uploads\/2024\/07\/64-SAM01989-TEPOP-La-Courneuve-\u00a9Matthieu-Samadet-WEB-1024x1536.jpg 1024w, https:\/\/www.tepop.fr\/wp-content\/uploads\/2024\/07\/64-SAM01989-TEPOP-La-Courneuve-\u00a9Matthieu-Samadet-WEB-1365x2048.jpg 1365w, https:\/\/www.tepop.fr\/wp-content\/uploads\/2024\/07\/64-SAM01989-TEPOP-La-Courneuve-\u00a9Matthieu-Samadet-WEB-scaled.jpg 1707w\" sizes=\"auto, (max-width: 683px) 100vw, 683px\" \/><div class=\"wp-block-cover__inner-container is-layout-flow wp-block-cover-is-layout-flow\">\n<p class=\"has-text-align-center has-white-color has-text-color has-link-color has-large-font-size wp-elements-99e72866b9922f85f9cb9f906d2c3e04\"><a href=\"https:\/\/www.tepop.fr\/wp-content\/uploads\/2024\/09\/Com_presse_TEPOP_2024-09_JOP-2.pdf\">TEPOP aux JOP 2024<\/a><\/p>\n<\/div><\/div>\n\n\n\n<div class=\"wp-block-cover is-light\"><span aria-hidden=\"true\" class=\"wp-block-cover__background has-background-dim-0 has-background-dim\" style=\"background-color:#ebd8d8\"><\/span><img loading=\"lazy\" decoding=\"async\" width=\"2560\" height=\"1707\" class=\"wp-block-cover__image-background wp-image-1908\" alt=\"\" src=\"https:\/\/www.tepop.fr\/wp-content\/uploads\/2024\/07\/27-SAM01537-TEPOP-La-Courneuve-\u00a9Matthieu-Samadet-WEB-scaled.jpg\" data-object-fit=\"cover\" srcset=\"https:\/\/www.tepop.fr\/wp-content\/uploads\/2024\/07\/27-SAM01537-TEPOP-La-Courneuve-\u00a9Matthieu-Samadet-WEB-scaled.jpg 2560w, https:\/\/www.tepop.fr\/wp-content\/uploads\/2024\/07\/27-SAM01537-TEPOP-La-Courneuve-\u00a9Matthieu-Samadet-WEB-300x200.jpg 300w, https:\/\/www.tepop.fr\/wp-content\/uploads\/2024\/07\/27-SAM01537-TEPOP-La-Courneuve-\u00a9Matthieu-Samadet-WEB-1024x683.jpg 1024w, https:\/\/www.tepop.fr\/wp-content\/uploads\/2024\/07\/27-SAM01537-TEPOP-La-Courneuve-\u00a9Matthieu-Samadet-WEB-768x512.jpg 768w, https:\/\/www.tepop.fr\/wp-content\/uploads\/2024\/07\/27-SAM01537-TEPOP-La-Courneuve-\u00a9Matthieu-Samadet-WEB-1536x1024.jpg 1536w, https:\/\/www.tepop.fr\/wp-content\/uploads\/2024\/07\/27-SAM01537-TEPOP-La-Courneuve-\u00a9Matthieu-Samadet-WEB-2048x1365.jpg 2048w\" sizes=\"auto, (max-width: 2560px) 100vw, 2560px\" \/><div class=\"wp-block-cover__inner-container is-layout-constrained wp-block-cover-is-layout-constrained\">\n<p class=\"has-text-align-center has-white-color has-text-color has-link-color has-large-font-size wp-elements-2e60a2231f2f4834009356132a80088a\"><a href=\"https:\/\/www.tepop.fr\/wp-content\/uploads\/2024\/07\/TOPOPHILE_TEPOP_YOURIKIT_opuscule-1.pdf\">TEPOP dans la revue Topophile<\/a><\/p>\n<\/div><\/div>\n<\/div>\n<\/div>\n\n\n\n<div class=\"wp-block-group is-nowrap is-layout-flex wp-container-core-group-is-layout-ad2f72ca wp-block-group-is-layout-flex\">\n<h2 class=\"wp-block-heading has-text-align-center has-black-color has-text-color has-link-color wp-elements-e36ec5af5bd34f0cd06f0da18f812a80\" style=\"font-size:23px\">2023  TEPOP \u00e0 la Courneuve avec le Youri-kit | Les jeunes visitent l&rsquo;\u00e9cole d&rsquo;archi<\/h2>\n\n\n\n<h2 class=\"wp-block-heading has-black-color has-text-color has-link-color has-medium-font-size wp-elements-863c6736b961734fea94f66d04390594\" style=\"font-size:23px\"><\/h2>\n<\/div>\n\n\n\n<div class=\"wp-block-group is-layout-grid wp-container-core-group-is-layout-6ec17cf6 wp-block-group-is-layout-grid\">\n<div class=\"wp-block-cover\"><span aria-hidden=\"true\" class=\"wp-block-cover__background has-background-dim\"><\/span><img loading=\"lazy\" decoding=\"async\" width=\"2560\" height=\"1707\" class=\"wp-block-cover__image-background wp-image-1834\" alt=\"\" src=\"https:\/\/www.tepop.fr\/wp-content\/uploads\/2024\/07\/24-SAM01503-TEPOP-La-Courneuve-\u00a9Matthieu-Samadet-WEB-scaled.jpg\" style=\"object-position:45% 57%\" data-object-fit=\"cover\" data-object-position=\"45% 57%\" srcset=\"https:\/\/www.tepop.fr\/wp-content\/uploads\/2024\/07\/24-SAM01503-TEPOP-La-Courneuve-\u00a9Matthieu-Samadet-WEB-scaled.jpg 2560w, https:\/\/www.tepop.fr\/wp-content\/uploads\/2024\/07\/24-SAM01503-TEPOP-La-Courneuve-\u00a9Matthieu-Samadet-WEB-300x200.jpg 300w, https:\/\/www.tepop.fr\/wp-content\/uploads\/2024\/07\/24-SAM01503-TEPOP-La-Courneuve-\u00a9Matthieu-Samadet-WEB-1024x683.jpg 1024w, https:\/\/www.tepop.fr\/wp-content\/uploads\/2024\/07\/24-SAM01503-TEPOP-La-Courneuve-\u00a9Matthieu-Samadet-WEB-768x512.jpg 768w, https:\/\/www.tepop.fr\/wp-content\/uploads\/2024\/07\/24-SAM01503-TEPOP-La-Courneuve-\u00a9Matthieu-Samadet-WEB-1536x1024.jpg 1536w, https:\/\/www.tepop.fr\/wp-content\/uploads\/2024\/07\/24-SAM01503-TEPOP-La-Courneuve-\u00a9Matthieu-Samadet-WEB-2048x1365.jpg 2048w\" sizes=\"auto, (max-width: 2560px) 100vw, 2560px\" \/><div class=\"wp-block-cover__inner-container is-layout-flow wp-block-cover-is-layout-flow\">\n<p class=\"has-text-align-center has-white-color has-text-color has-link-color has-large-font-size wp-elements-2acc84f66f86c8c9ddc1f625487bc65b\"><a href=\"https:\/\/www.tepop.fr\/wp-content\/uploads\/2024\/09\/2023-07_La-COurneuve-plage-Journal-de-bord.pdf\">La Courneuve plage \u00e9t\u00e9 2023<\/a><\/p>\n<\/div><\/div>\n\n\n\n<div class=\"wp-block-cover\"><span aria-hidden=\"true\" class=\"wp-block-cover__background has-background-dim\"><\/span><img loading=\"lazy\" decoding=\"async\" width=\"516\" height=\"736\" class=\"wp-block-cover__image-background wp-image-1821\" alt=\"\" src=\"https:\/\/www.tepop.fr\/wp-content\/uploads\/2024\/07\/IMAGE-COUV-JOURNAL-2.png\" data-object-fit=\"cover\" srcset=\"https:\/\/www.tepop.fr\/wp-content\/uploads\/2024\/07\/IMAGE-COUV-JOURNAL-2.png 516w, https:\/\/www.tepop.fr\/wp-content\/uploads\/2024\/07\/IMAGE-COUV-JOURNAL-2-210x300.png 210w\" sizes=\"auto, (max-width: 516px) 100vw, 516px\" \/><div class=\"wp-block-cover__inner-container is-layout-flow wp-block-cover-is-layout-flow\">\n<p class=\"has-text-align-center has-white-color has-text-color has-link-color has-large-font-size wp-elements-f55406a83161ead99949708f5ed719b7\"><a href=\"https:\/\/www.tepop.fr\/wp-admin\/post.php?post=1901&amp;action=edit\">Fabrication du Youri-Kit<\/a><\/p>\n<\/div><\/div>\n\n\n\n<h2 class=\"wp-block-heading wp-container-content-f3db1ecf\"><\/h2>\n\n\n\n<div class=\"wp-block-cover\"><span aria-hidden=\"true\" class=\"wp-block-cover__background has-background-dim\"><\/span><img loading=\"lazy\" decoding=\"async\" width=\"1024\" height=\"576\" class=\"wp-block-cover__image-background wp-image-1889\" alt=\"\" src=\"https:\/\/www.tepop.fr\/wp-content\/uploads\/2024\/07\/videoframe_8879-1024x576.png\" data-object-fit=\"cover\" srcset=\"https:\/\/www.tepop.fr\/wp-content\/uploads\/2024\/07\/videoframe_8879-1024x576.png 1024w, https:\/\/www.tepop.fr\/wp-content\/uploads\/2024\/07\/videoframe_8879-300x169.png 300w, https:\/\/www.tepop.fr\/wp-content\/uploads\/2024\/07\/videoframe_8879-768x432.png 768w, https:\/\/www.tepop.fr\/wp-content\/uploads\/2024\/07\/videoframe_8879.png 1280w\" sizes=\"auto, (max-width: 1024px) 100vw, 1024px\" \/><div class=\"wp-block-cover__inner-container is-layout-flow wp-block-cover-is-layout-flow\">\n<p class=\"has-text-align-center has-white-color has-text-color has-link-color has-large-font-size wp-elements-7749f7ef3d31766aff74b2016dc0c2c2\"><a href=\"https:\/\/www.tepop.fr\/wp-admin\/post.php?post=1719&amp;action=edit\">Visite de Paris Belleville<\/a><\/p>\n<\/div><\/div>\n\n\n\n<p><\/p>\n\n\n\n<h2 class=\"wp-block-heading wp-container-content-fbd5d959\"><strong>TEPOP en r\u00e9gions : Bassin Minier, Valenciennes, Nantes<\/strong><\/h2>\n<\/div>\n\n\n\n<div class=\"wp-block-group is-layout-grid wp-container-core-group-is-layout-6be84c55 wp-block-group-is-layout-grid\">\n<div class=\"wp-block-cover is-light\"><span aria-hidden=\"true\" class=\"wp-block-cover__background has-background-dim-20 has-background-dim\" style=\"background-color:#a3a8ac\"><\/span><img loading=\"lazy\" decoding=\"async\" width=\"2560\" height=\"1707\" class=\"wp-block-cover__image-background wp-image-1929\" alt=\"\" src=\"https:\/\/www.tepop.fr\/wp-content\/uploads\/2024\/07\/60-SAM01929-TEPOP-La-Courneuve-\u00a9Matthieu-Samadet-WEB-2-scaled.jpg\" data-object-fit=\"cover\" srcset=\"https:\/\/www.tepop.fr\/wp-content\/uploads\/2024\/07\/60-SAM01929-TEPOP-La-Courneuve-\u00a9Matthieu-Samadet-WEB-2-scaled.jpg 2560w, https:\/\/www.tepop.fr\/wp-content\/uploads\/2024\/07\/60-SAM01929-TEPOP-La-Courneuve-\u00a9Matthieu-Samadet-WEB-2-300x200.jpg 300w, https:\/\/www.tepop.fr\/wp-content\/uploads\/2024\/07\/60-SAM01929-TEPOP-La-Courneuve-\u00a9Matthieu-Samadet-WEB-2-1024x683.jpg 1024w, https:\/\/www.tepop.fr\/wp-content\/uploads\/2024\/07\/60-SAM01929-TEPOP-La-Courneuve-\u00a9Matthieu-Samadet-WEB-2-768x512.jpg 768w, https:\/\/www.tepop.fr\/wp-content\/uploads\/2024\/07\/60-SAM01929-TEPOP-La-Courneuve-\u00a9Matthieu-Samadet-WEB-2-1536x1024.jpg 1536w, https:\/\/www.tepop.fr\/wp-content\/uploads\/2024\/07\/60-SAM01929-TEPOP-La-Courneuve-\u00a9Matthieu-Samadet-WEB-2-2048x1365.jpg 2048w\" sizes=\"auto, (max-width: 2560px) 100vw, 2560px\" \/><div class=\"wp-block-cover__inner-container is-layout-constrained wp-block-cover-is-layout-constrained\">\n<p class=\"has-text-align-center has-white-color has-text-color has-link-color has-large-font-size wp-elements-db8d67e56cd28b467567f80c2537b385\"><a href=\"https:\/\/www.tepop.fr\/wp-content\/uploads\/2024\/09\/2023_TEPOP_HARNES_PRES_plaquette-recit-de-projet-modif.pdf\">TEPOP dans le bassin minier \u00e0 Harnes<\/a><\/p>\n<\/div><\/div>\n\n\n\n<div class=\"wp-block-cover\"><span aria-hidden=\"true\" class=\"wp-block-cover__background has-background-dim\"><\/span><img loading=\"lazy\" decoding=\"async\" width=\"768\" height=\"543\" class=\"wp-block-cover__image-background wp-image-1981\" alt=\"\" src=\"https:\/\/www.tepop.fr\/wp-content\/uploads\/2024\/07\/IMAGE-7.jpg\" data-object-fit=\"cover\" srcset=\"https:\/\/www.tepop.fr\/wp-content\/uploads\/2024\/07\/IMAGE-7.jpg 768w, https:\/\/www.tepop.fr\/wp-content\/uploads\/2024\/07\/IMAGE-7-300x212.jpg 300w\" sizes=\"auto, (max-width: 768px) 100vw, 768px\" \/><div class=\"wp-block-cover__inner-container is-layout-flow wp-block-cover-is-layout-flow\">\n<p class=\"has-text-align-center has-white-color has-text-color has-link-color has-large-font-size wp-elements-382fe3aaf0ab4b4be9ad6c037f13eacf\"><a href=\"https:\/\/www.tepop.fr\/wp-admin\/post.php?post=305&amp;action=edit\">Bio r\u00e9gion urbaine design social, engag\u00e9 et situ\u00e9<\/a><\/p>\n<\/div><\/div>\n\n\n\n<div class=\"wp-block-cover\"><span aria-hidden=\"true\" class=\"wp-block-cover__background has-background-dim\"><\/span><img loading=\"lazy\" decoding=\"async\" width=\"740\" height=\"987\" class=\"wp-block-cover__image-background wp-image-1961\" alt=\"\" src=\"https:\/\/www.tepop.fr\/wp-content\/uploads\/2024\/07\/IMAGE-3.jpg\" data-object-fit=\"cover\" srcset=\"https:\/\/www.tepop.fr\/wp-content\/uploads\/2024\/07\/IMAGE-3.jpg 740w, https:\/\/www.tepop.fr\/wp-content\/uploads\/2024\/07\/IMAGE-3-225x300.jpg 225w\" sizes=\"auto, (max-width: 740px) 100vw, 740px\" \/><div class=\"wp-block-cover__inner-container is-layout-flow wp-block-cover-is-layout-flow\">\n<p><\/p>\n\n\n\n<p class=\"has-text-align-center has-white-color has-text-color has-link-color has-large-font-size wp-elements-1c0da0cb081e2c01112eef7fdc5bb294\"><a href=\"https:\/\/www.tepop.fr\/wp-admin\/post.php?post=578&amp;action=edit\">Le terrain des possibles<\/a><\/p>\n<\/div><\/div>\n<\/div>\n\n\n\n<h2 class=\"wp-block-heading\">La gen\u00e8se du projet Olympiades | Les ateliers<\/h2>\n\n\n\n<div class=\"wp-block-group is-layout-grid wp-container-core-group-is-layout-6be84c55 wp-block-group-is-layout-grid\">\n<div class=\"wp-block-cover\"><span aria-hidden=\"true\" class=\"wp-block-cover__background has-background-dim\" style=\"background-color:#6f6a77\"><\/span><img loading=\"lazy\" decoding=\"async\" width=\"1024\" height=\"796\" class=\"wp-block-cover__image-background wp-image-1958\" alt=\"\" src=\"https:\/\/www.tepop.fr\/wp-content\/uploads\/2024\/07\/IMAGE-1-1.jpg\" data-object-fit=\"cover\" srcset=\"https:\/\/www.tepop.fr\/wp-content\/uploads\/2024\/07\/IMAGE-1-1.jpg 1024w, https:\/\/www.tepop.fr\/wp-content\/uploads\/2024\/07\/IMAGE-1-1-300x233.jpg 300w, https:\/\/www.tepop.fr\/wp-content\/uploads\/2024\/07\/IMAGE-1-1-768x597.jpg 768w\" sizes=\"auto, (max-width: 1024px) 100vw, 1024px\" \/><div class=\"wp-block-cover__inner-container is-layout-constrained wp-block-cover-is-layout-constrained\">\n<p class=\"has-text-align-center has-white-color has-text-color has-link-color has-large-font-size wp-elements-b16e19dc2031efd5320569bf0e6bc40b\"><a href=\"https:\/\/www.tepop.fr\/wp-admin\/post.php?post=1076&amp;action=edit\">\u00c9co-construire les  Olympiades \u00e0 \u00c9nergie Populaire<\/a><\/p>\n<\/div><\/div>\n\n\n\n<div class=\"wp-block-cover\"><span aria-hidden=\"true\" class=\"wp-block-cover__background has-background-dim\"><\/span><img loading=\"lazy\" decoding=\"async\" width=\"768\" height=\"413\" class=\"wp-block-cover__image-background wp-image-1960\" alt=\"\" src=\"https:\/\/www.tepop.fr\/wp-content\/uploads\/2024\/07\/IMAGE-2-1.jpg\" data-object-fit=\"cover\" srcset=\"https:\/\/www.tepop.fr\/wp-content\/uploads\/2024\/07\/IMAGE-2-1.jpg 768w, https:\/\/www.tepop.fr\/wp-content\/uploads\/2024\/07\/IMAGE-2-1-300x161.jpg 300w\" sizes=\"auto, (max-width: 768px) 100vw, 768px\" \/><div class=\"wp-block-cover__inner-container is-layout-flow wp-block-cover-is-layout-flow\">\n<p class=\"has-text-align-center has-white-color has-text-color has-link-color has-large-font-size wp-elements-8eedb2a2816bbeb01764453941f18fbc\"><a href=\"https:\/\/www.tepop.fr\/wp-admin\/post.php?post=1255&amp;action=edit\">L&rsquo;atelier riverain<\/a><\/p>\n<\/div><\/div>\n\n\n\n<div class=\"wp-block-cover\"><span aria-hidden=\"true\" class=\"wp-block-cover__background has-background-dim-20 has-background-dim\" style=\"background-color:#807e7e\"><\/span><img loading=\"lazy\" decoding=\"async\" width=\"1440\" height=\"2560\" class=\"wp-block-cover__image-background wp-image-1942\" alt=\"\" src=\"https:\/\/www.tepop.fr\/wp-content\/uploads\/2024\/07\/DOSSIER-SUBVENTION-scaled.jpeg\" data-object-fit=\"cover\" srcset=\"https:\/\/www.tepop.fr\/wp-content\/uploads\/2024\/07\/DOSSIER-SUBVENTION-scaled.jpeg 1440w, https:\/\/www.tepop.fr\/wp-content\/uploads\/2024\/07\/DOSSIER-SUBVENTION-169x300.jpeg 169w, https:\/\/www.tepop.fr\/wp-content\/uploads\/2024\/07\/DOSSIER-SUBVENTION-576x1024.jpeg 576w, https:\/\/www.tepop.fr\/wp-content\/uploads\/2024\/07\/DOSSIER-SUBVENTION-768x1365.jpeg 768w, https:\/\/www.tepop.fr\/wp-content\/uploads\/2024\/07\/DOSSIER-SUBVENTION-864x1536.jpeg 864w, https:\/\/www.tepop.fr\/wp-content\/uploads\/2024\/07\/DOSSIER-SUBVENTION-1152x2048.jpeg 1152w\" sizes=\"auto, (max-width: 1440px) 100vw, 1440px\" \/><div class=\"wp-block-cover__inner-container is-layout-constrained wp-block-cover-is-layout-constrained\">\n<p><\/p>\n\n\n\n<p><\/p>\n\n\n\n<p class=\"has-text-align-center has-white-color has-text-color has-link-color has-large-font-size wp-elements-4ff8f23c4466d74a9f935390b001de24\"><a href=\"https:\/\/www.tepop.fr\/wp-content\/uploads\/2024\/07\/22.11.30-Dossier-de-subvention-1.pdf\">Bilan des projets <\/a><\/p>\n\n\n\n<p class=\"has-text-align-center has-white-color has-text-color has-link-color has-large-font-size wp-elements-b66637fb613d67fca2f52eec85b68993\"><\/p>\n<\/div><\/div>\n<\/div>\n\n\n\n<h2 class=\"wp-block-heading\">TEPOP collabore avec l&rsquo;antenne jeunesse Edgar Quinet \u00e0 La Courneuve<\/h2>\n\n\n\n<div class=\"wp-block-group is-layout-grid wp-container-core-group-is-layout-6be84c55 wp-block-group-is-layout-grid\">\n<div class=\"wp-block-cover\"><span aria-hidden=\"true\" class=\"wp-block-cover__background has-background-dim\"><\/span><img loading=\"lazy\" decoding=\"async\" width=\"683\" height=\"1024\" class=\"wp-block-cover__image-background wp-image-1971\" alt=\"\" src=\"https:\/\/www.tepop.fr\/wp-content\/uploads\/2024\/07\/IMAGE-4-683x1024.jpg\" data-object-fit=\"cover\" srcset=\"https:\/\/www.tepop.fr\/wp-content\/uploads\/2024\/07\/IMAGE-4-683x1024.jpg 683w, https:\/\/www.tepop.fr\/wp-content\/uploads\/2024\/07\/IMAGE-4-200x300.jpg 200w, https:\/\/www.tepop.fr\/wp-content\/uploads\/2024\/07\/IMAGE-4.jpg 768w\" sizes=\"auto, (max-width: 683px) 100vw, 683px\" \/><div class=\"wp-block-cover__inner-container is-layout-flow wp-block-cover-is-layout-flow\">\n<p class=\"has-text-align-center has-white-color has-text-color has-link-color has-large-font-size wp-elements-d50fd33ff6f20d2b29315ec4fa1b2043\"><a href=\"https:\/\/www.tepop.fr\/wp-admin\/post.php?post=1212&amp;action=edit\">Un \u00e9quipement sport-nature<\/a><\/p>\n<\/div><\/div>\n\n\n\n<div class=\"wp-block-cover\"><span aria-hidden=\"true\" class=\"wp-block-cover__background has-background-dim\"><\/span><img loading=\"lazy\" decoding=\"async\" width=\"768\" height=\"440\" class=\"wp-block-cover__image-background wp-image-1972\" alt=\"\" src=\"https:\/\/www.tepop.fr\/wp-content\/uploads\/2024\/07\/IMAGE-5.jpg\" data-object-fit=\"cover\" srcset=\"https:\/\/www.tepop.fr\/wp-content\/uploads\/2024\/07\/IMAGE-5.jpg 768w, https:\/\/www.tepop.fr\/wp-content\/uploads\/2024\/07\/IMAGE-5-300x172.jpg 300w\" sizes=\"auto, (max-width: 768px) 100vw, 768px\" \/><div class=\"wp-block-cover__inner-container is-layout-flow wp-block-cover-is-layout-flow\">\n<p class=\"has-text-align-center has-white-color has-text-color has-link-color wp-elements-23c185c2a398ede5ac8c7c6ae52fa053\" style=\"font-size:26px\"><a href=\"https:\/\/www.tepop.fr\/wp-admin\/post.php?post=1145&amp;action=edit\">R\u00e9am\u00e9nagement de l&rsquo;antenne jeunesse #2<\/a><\/p>\n<\/div><\/div>\n\n\n\n<div class=\"wp-block-cover is-light\"><span aria-hidden=\"true\" class=\"wp-block-cover__background has-background-dim\" style=\"background-color:#92817b\"><\/span><img loading=\"lazy\" decoding=\"async\" width=\"768\" height=\"543\" class=\"wp-block-cover__image-background wp-image-1973\" alt=\"\" src=\"https:\/\/www.tepop.fr\/wp-content\/uploads\/2024\/07\/IMAGE-6.jpg\" data-object-fit=\"cover\" srcset=\"https:\/\/www.tepop.fr\/wp-content\/uploads\/2024\/07\/IMAGE-6.jpg 768w, https:\/\/www.tepop.fr\/wp-content\/uploads\/2024\/07\/IMAGE-6-300x212.jpg 300w\" sizes=\"auto, (max-width: 768px) 100vw, 768px\" \/><div class=\"wp-block-cover__inner-container is-layout-flow wp-block-cover-is-layout-flow\">\n<p class=\"has-text-align-center has-white-color has-text-color has-link-color wp-elements-42118c9e5078644c92d59b691b95f593\" style=\"font-size:26px\"><a href=\"https:\/\/www.tepop.fr\/wp-admin\/post.php?post=468&amp;action=edit\" target=\"_blank\" rel=\"noreferrer noopener\">R\u00e9am\u00e9nagement de l&rsquo;antenne jeunesse #1<\/a><\/p>\n<\/div><\/div>\n<\/div>\n\n\n\n<h2 class=\"wp-block-heading\">TEPOP \u00e0 La Villette et  \u00e0 la Cit\u00e9 Paul Verlaine \u00e0 La Courneuve<\/h2>\n\n\n\n<div class=\"wp-block-group is-layout-grid wp-container-core-group-is-layout-6be84c55 wp-block-group-is-layout-grid\">\n<div class=\"wp-block-cover\"><span aria-hidden=\"true\" class=\"wp-block-cover__background has-background-dim\"><\/span><img loading=\"lazy\" decoding=\"async\" width=\"768\" height=\"511\" class=\"wp-block-cover__image-background wp-image-1982\" alt=\"\" src=\"https:\/\/www.tepop.fr\/wp-content\/uploads\/2024\/07\/IMAGE-8.jpg\" data-object-fit=\"cover\" srcset=\"https:\/\/www.tepop.fr\/wp-content\/uploads\/2024\/07\/IMAGE-8.jpg 768w, https:\/\/www.tepop.fr\/wp-content\/uploads\/2024\/07\/IMAGE-8-300x200.jpg 300w\" sizes=\"auto, (max-width: 768px) 100vw, 768px\" \/><div class=\"wp-block-cover__inner-container is-layout-flow wp-block-cover-is-layout-flow\">\n<p class=\"has-text-align-center has-white-color has-text-color has-link-color has-large-font-size wp-elements-ff3887c266d49ecb99bfecd5fd4be8fe\"><a href=\"https:\/\/www.tepop.fr\/wp-admin\/post.php?post=683&amp;action=edit\">Freestyle \u00e0 la Villette<\/a><\/p>\n<\/div><\/div>\n\n\n\n<div class=\"wp-block-cover\"><span aria-hidden=\"true\" class=\"wp-block-cover__background has-background-dim\"><\/span><img loading=\"lazy\" decoding=\"async\" width=\"768\" height=\"511\" class=\"wp-block-cover__image-background wp-image-1983\" alt=\"\" src=\"https:\/\/www.tepop.fr\/wp-content\/uploads\/2024\/07\/IMAGE-9.jpg\" data-object-fit=\"cover\" srcset=\"https:\/\/www.tepop.fr\/wp-content\/uploads\/2024\/07\/IMAGE-9.jpg 768w, https:\/\/www.tepop.fr\/wp-content\/uploads\/2024\/07\/IMAGE-9-300x200.jpg 300w\" sizes=\"auto, (max-width: 768px) 100vw, 768px\" \/><div class=\"wp-block-cover__inner-container is-layout-flow wp-block-cover-is-layout-flow\">\n<p class=\"has-text-align-center has-white-color has-text-color has-link-color has-large-font-size wp-elements-cd0b83bc92457a1c50c199bf1254ce3d\"><a href=\"https:\/\/www.tepop.fr\/wp-admin\/post.php?post=779&amp;action=edit\">Les co-conceptions de l&rsquo;espace public<\/a><\/p>\n<\/div><\/div>\n<\/div>\n\n\n\n<p><\/p>\n","protected":false},"excerpt":{"rendered":"<p>Actu 2023 TEPOP \u00e0 la Courneuve avec le Youri-kit | Les jeunes visitent l&rsquo;\u00e9cole d&rsquo;archi TEPOP en r\u00e9gions : Bassin Minier, Valenciennes, Nantes La gen\u00e8se du projet Olympiades | Les ateliers TEPOP collabore avec l&rsquo;antenne jeunesse Edgar Quinet \u00e0 La [&#8230;]<\/p>\n","protected":false},"author":2,"featured_media":0,"parent":0,"menu_order":0,"comment_status":"closed","ping_status":"closed","template":"templates\/template-no-title.php","meta":{"footnotes":""},"class_list":["post-465","page","type-page","status-publish","hentry"],"_links":{"self":[{"href":"https:\/\/www.tepop.fr\/index.php?rest_route=\/wp\/v2\/pages\/465","targetHints":{"allow":["GET"]}}],"collection":[{"href":"https:\/\/www.tepop.fr\/index.php?rest_route=\/wp\/v2\/pages"}],"about":[{"href":"https:\/\/www.tepop.fr\/index.php?rest_route=\/wp\/v2\/types\/page"}],"author":[{"embeddable":true,"href":"https:\/\/www.tepop.fr\/index.php?rest_route=\/wp\/v2\/users\/2"}],"replies":[{"embeddable":true,"href":"https:\/\/www.tepop.fr\/index.php?rest_route=%2Fwp%2Fv2%2Fcomments&post=465"}],"version-history":[{"count":178,"href":"https:\/\/www.tepop.fr\/index.php?rest_route=\/wp\/v2\/pages\/465\/revisions"}],"predecessor-version":[{"id":2179,"href":"https:\/\/www.tepop.fr\/index.php?rest_route=\/wp\/v2\/pages\/465\/revisions\/2179"}],"wp:attachment":[{"href":"https:\/\/www.tepop.fr\/index.php?rest_route=%2Fwp%2Fv2%2Fmedia&parent=465"}],"curies":[{"name":"wp","href":"https:\/\/api.w.org\/{rel}","templated":true}]}}